{"id":1444,"date":"2020-12-08T03:30:52","date_gmt":"2020-12-08T03:30:52","guid":{"rendered":"https:\/\/gaviaspreview.com\/wp\/sominx\/?page_id=2"},"modified":"2023-04-26T18:05:04","modified_gmt":"2023-04-26T15:05:04","slug":"blog","status":"publish","type":"page","link":"https:\/\/blissajans.com\/en\/blog\/","title":{"rendered":"Blog"},"content":{"rendered":"<div data-elementor-type=\"wp-page\" data-elementor-id=\"1444\" class=\"elementor elementor-1444\">\n\t\t\t\t\t\t\t\t\t<section class=\"elementor-section elementor-top-section elementor-element elementor-element-aef7c66 elementor-section-full_width elementor-section-height-default elementor-section-height-default\" data-id=\"aef7c66\" data-element_type=\"section\" data-settings=\"{&quot;background_background&quot;:&quot;slideshow&quot;,&quot;background_slideshow_gallery&quot;:[{&quot;id&quot;:1404,&quot;url&quot;:&quot;https:\\\/\\\/gaviaspreview.com\\\/wp\\\/sominx\\\/wp-content\\\/uploads\\\/2022\\\/03\\\/breadcrumb-2.jpg&quot;},{&quot;id&quot;:1008,&quot;url&quot;:&quot;https:\\\/\\\/gaviaspreview.com\\\/wp\\\/sominx\\\/wp-content\\\/uploads\\\/2021\\\/10\\\/breadcrumb.jpg&quot;}],&quot;background_slideshow_ken_burns&quot;:&quot;yes&quot;,&quot;background_slideshow_loop&quot;:&quot;yes&quot;,&quot;background_slideshow_slide_duration&quot;:5000,&quot;background_slideshow_slide_transition&quot;:&quot;fade&quot;,&quot;background_slideshow_transition_duration&quot;:500,&quot;background_slideshow_ken_burns_zoom_direction&quot;:&quot;in&quot;}\">\n\t\t\t\t\t\t\t<div class=\"elementor-background-overlay\"><\/div>\n\t\t\t\t\t\t\t<div class=\"elementor-container elementor-column-gap-default\">\n\t\t\t\t\t<div class=\"elementor-column elementor-col-100 elementor-top-column elementor-element elementor-element-e9e569a\" data-id=\"e9e569a\" data-element_type=\"column\">\n\t\t\t<div class=\"elementor-widget-wrap elementor-element-populated\">\n\t\t\t\t\t\t\t\t<div class=\"elementor-element elementor-element-e719bb4 elementor-widget elementor-widget-gva_post_breadcrumb\" data-id=\"e719bb4\" data-element_type=\"widget\" data-widget_type=\"gva_post_breadcrumb.default\">\n\t\t\t\t<div class=\"elementor-widget-container\">\n\t\t\t<div class=\"gva-element-gva_post_breadcrumb gva-element\">   \r\n<div class=\"post-breadcrumb\">\r\n   <div class=\"custom-breadcrumb\" >\r\n            <div class=\"breadcrumb-main\">\r\n        <div class=\"container\">\r\n          <div class=\"breadcrumb-container-inner\">\r\n            <h2 class=\"heading-title\">Blog<\/h2><ol class=\"breadcrumb\"><li><a href=\"https:\/\/blissajans.com\/en\">Home<\/a> <\/li> <li class=\"active\">Page<\/li><\/ol>          <\/div>  \r\n        <\/div>   \r\n      <\/div>  \r\n   <\/div>\r\n<\/div>      \r\n\r\n<\/div>\t\t<\/div>\n\t\t\t\t<\/div>\n\t\t\t\t\t<\/div>\n\t\t<\/div>\n\t\t\t\t\t\t\t<\/div>\n\t\t<\/section>\n\t\t\t\t<section class=\"elementor-section elementor-top-section elementor-element elementor-element-67af41a elementor-section-boxed elementor-section-height-default elementor-section-height-default\" data-id=\"67af41a\" data-element_type=\"section\" data-settings=\"{&quot;background_background&quot;:&quot;classic&quot;}\">\n\t\t\t\t\t\t<div class=\"elementor-container elementor-column-gap-default\">\n\t\t\t\t\t<div class=\"elementor-column elementor-col-50 elementor-top-column elementor-element elementor-element-33d8502\" data-id=\"33d8502\" data-element_type=\"column\">\n\t\t\t<div class=\"elementor-widget-wrap elementor-element-populated\">\n\t\t\t\t\t\t\t\t<div class=\"elementor-element elementor-element-dc277d5 elementor-widget elementor-widget-gva-posts\" data-id=\"dc277d5\" data-element_type=\"widget\" data-widget_type=\"gva-posts.default\">\n\t\t\t\t<div class=\"elementor-widget-container\">\n\t\t\t<div class=\"gva-element-gva-posts gva-element\">  \r\n<div class=\"gva-posts-standard clearfix gva-posts\">\r\n\t\t\r\n\t<div class=\"gva-content-items cleafix\"> \r\n\t\t\t<div class=\"item-post\">\r\n   <article id=\"post-1579\" class=\"post post-style-standard post-1579 type-post status-publish format-standard has-post-thumbnail hentry category-sosyal-medya tag-sosyal-medya-reklamciligi\">\r\n      \r\n               <div class=\"post-thumbnail\">\r\n            <a href=\"https:\/\/blissajans.com\/en\/sosyal-medya-reklamciligi-nedir\/\">\r\n               <img width=\"900\" height=\"519\" src=\"https:\/\/blissajans.com\/wp-content\/uploads\/2023\/04\/Sosyal-Medya-Reklamciligi-Nedir-1024x591.jpg\" class=\"attachment-large size-large wp-post-image\" alt=\"Sosyal Medya Reklamc\u0131l\u0131\u011f\u0131 Nedir?\" decoding=\"async\" loading=\"lazy\" srcset=\"https:\/\/blissajans.com\/wp-content\/uploads\/2023\/04\/Sosyal-Medya-Reklamciligi-Nedir-1024x591.jpg 1024w, https:\/\/blissajans.com\/wp-content\/uploads\/2023\/04\/Sosyal-Medya-Reklamciligi-Nedir-768x444.jpg 768w, https:\/\/blissajans.com\/wp-content\/uploads\/2023\/04\/Sosyal-Medya-Reklamciligi-Nedir-18x10.jpg 18w, https:\/\/blissajans.com\/wp-content\/uploads\/2023\/04\/Sosyal-Medya-Reklamciligi-Nedir-600x347.jpg 600w, https:\/\/blissajans.com\/wp-content\/uploads\/2023\/04\/Sosyal-Medya-Reklamciligi-Nedir.jpg 1200w\" sizes=\"(max-width: 900px) 100vw, 900px\" \/>            <\/a>\r\n         <\/div>   \r\n         \r\n\r\n      <div class=\"entry-content has-thumbnail\">\r\n         <div class=\"content-inner\">\r\n            <div class=\"entry-meta\">\r\n               <div class=\"clearfix meta-inline post-meta-2\"><span class=\"entry-date\"><i class=\"far fa-calendar-alt\"><\/i>26 April 2023<\/span><span class=\"author-seperate\">\/<\/span><span class=\"post-comment\"><i class=\"far fa-comments\"><\/i>0 comments<\/span><\/div>            <\/div> \r\n            <h3 class=\"entry-title\"><a href=\"https:\/\/blissajans.com\/en\/sosyal-medya-reklamciligi-nedir\/\" rel=\"bookmark\">What is Social Media Advertising?<\/a><\/h3>\r\n                           <div class=\"entry-desc\">\r\n                  Sosyal medya reklamc\u0131l\u0131\u011f\u0131, \u00e7e\u015fitli sosyal medya platformlar\u0131 \u00fczerinden yap\u0131lan reklam faaliyetlerinin t\u00fcm\u00fcn\u00fc kapsamaktad\u0131r. Bu t\u00fcr               <\/div>   \r\n                        <div class=\"read-more\">\r\n               <a href=\"https:\/\/blissajans.com\/en\/sosyal-medya-reklamciligi-nedir\/\">Read more<\/a>\r\n            <\/div>\r\n         <\/div>\r\n\r\n      <\/div>\r\n   <\/article>   \r\n\r\n  <\/div><div class=\"item-post\">\r\n   <article id=\"post-1578\" class=\"post post-style-standard post-1578 type-post status-publish format-standard has-post-thumbnail hentry category-google-ads tag-google-reklamlari-nedir\">\r\n      \r\n               <div class=\"post-thumbnail\">\r\n            <a href=\"https:\/\/blissajans.com\/en\/google-reklamlari-nedir-ve-nasil-olusturulur\/\">\r\n               <img width=\"900\" height=\"519\" src=\"https:\/\/blissajans.com\/wp-content\/uploads\/2023\/04\/Google-Reklamlari-Nedir-ve-Nasil-Olusturulur-1024x591.jpg\" class=\"attachment-large size-large wp-post-image\" alt=\"Google Reklamlar\u0131 Nedir? Ne \u0130\u015fe Yarar?\" decoding=\"async\" loading=\"lazy\" srcset=\"https:\/\/blissajans.com\/wp-content\/uploads\/2023\/04\/Google-Reklamlari-Nedir-ve-Nasil-Olusturulur-1024x591.jpg 1024w, https:\/\/blissajans.com\/wp-content\/uploads\/2023\/04\/Google-Reklamlari-Nedir-ve-Nasil-Olusturulur-768x444.jpg 768w, https:\/\/blissajans.com\/wp-content\/uploads\/2023\/04\/Google-Reklamlari-Nedir-ve-Nasil-Olusturulur-18x10.jpg 18w, https:\/\/blissajans.com\/wp-content\/uploads\/2023\/04\/Google-Reklamlari-Nedir-ve-Nasil-Olusturulur-600x347.jpg 600w, https:\/\/blissajans.com\/wp-content\/uploads\/2023\/04\/Google-Reklamlari-Nedir-ve-Nasil-Olusturulur.jpg 1200w\" sizes=\"(max-width: 900px) 100vw, 900px\" \/>            <\/a>\r\n         <\/div>   \r\n         \r\n\r\n      <div class=\"entry-content has-thumbnail\">\r\n         <div class=\"content-inner\">\r\n            <div class=\"entry-meta\">\r\n               <div class=\"clearfix meta-inline post-meta-2\"><span class=\"entry-date\"><i class=\"far fa-calendar-alt\"><\/i>26 April 2023<\/span><span class=\"author-seperate\">\/<\/span><span class=\"post-comment\"><i class=\"far fa-comments\"><\/i>0 comments<\/span><\/div>            <\/div> \r\n            <h3 class=\"entry-title\"><a href=\"https:\/\/blissajans.com\/en\/google-reklamlari-nedir-ve-nasil-olusturulur\/\" rel=\"bookmark\">What are Google Ads? What Does It Do?<\/a><\/h3>\r\n                           <div class=\"entry-desc\">\r\n                  Google Reklamlar\u0131, Google&#8217;\u0131n reklam hizmetidir. Bu hizmet ile, Google&#8217;\u0131n arama sonu\u00e7lar\u0131nda, Google Maps&#8217;te ve Google               <\/div>   \r\n                        <div class=\"read-more\">\r\n               <a href=\"https:\/\/blissajans.com\/en\/google-reklamlari-nedir-ve-nasil-olusturulur\/\">Read more<\/a>\r\n            <\/div>\r\n         <\/div>\r\n\r\n      <\/div>\r\n   <\/article>   \r\n\r\n  <\/div>\r\n\t\t\t\t\t<div class=\"pagination\">\r\n\t\t\t\t<div class=\"column one pager_wrapper\"><div class=\"pager\"><div class=\"paginations\"><a href=\"https:\/\/blissajans.com\/en\/wp-json\/wp\/v2\/pages\/1444\" class=\"page-item active\">1<\/a><a href=\"https:\/\/blissajans.com\/en\/wp-json\/wp\/v2\/pages\/1444\/page\/2\/\" class=\"page-item\">2<\/a><a class=\"next_page\" href=\"https:\/\/blissajans.com\/en\/wp-json\/wp\/v2\/pages\/1444\/page\/2\/\"><i class=\"fas fa-chevron-right\"><\/i><\/a><\/div><\/div><\/div>\n\t\t\t<\/div>\r\n\t\t\t<\/div>\r\n\r\n<\/div>\r\n\r\n<\/div>\t\t<\/div>\n\t\t\t\t<\/div>\n\t\t\t\t\t<\/div>\n\t\t<\/div>\n\t\t\t\t<div class=\"elementor-column elementor-col-50 elementor-top-column elementor-element elementor-element-28ed83e\" data-id=\"28ed83e\" data-element_type=\"column\">\n\t\t\t<div class=\"elementor-widget-wrap elementor-element-populated\">\n\t\t\t\t\t\t\t\t<div class=\"elementor-element elementor-element-138b788 elementor-widget elementor-widget-wp-widget-categories\" data-id=\"138b788\" data-element_type=\"widget\" data-widget_type=\"wp-widget-categories.default\">\n\t\t\t\t<div class=\"elementor-widget-container\">\n\t\t\t<h5>Categories<\/h5>\n\t\t\t<ul>\n\t\t\t\t\t<li class=\"cat-item cat-item-17\"><a href=\"https:\/\/blissajans.com\/en\/kategori\/google-ads\/\">Google Ads<\/a>\n<\/li>\n\t<li class=\"cat-item cat-item-18\"><a href=\"https:\/\/blissajans.com\/en\/kategori\/seo\/\">SEO<\/a>\n<\/li>\n\t<li class=\"cat-item cat-item-16\"><a href=\"https:\/\/blissajans.com\/en\/kategori\/sosyal-medya\/\">Social Media<\/a>\n<\/li>\n\t\t\t<\/ul>\n\n\t\t\t\t\t<\/div>\n\t\t\t\t<\/div>\n\t\t\t\t<section class=\"elementor-section elementor-inner-section elementor-element elementor-element-274e2dc elementor-section-boxed elementor-section-height-default elementor-section-height-default\" data-id=\"274e2dc\" data-element_type=\"section\" data-settings=\"{&quot;background_background&quot;:&quot;classic&quot;}\">\n\t\t\t\t\t\t<div class=\"elementor-container elementor-column-gap-default\">\n\t\t\t\t\t<div class=\"elementor-column elementor-col-100 elementor-inner-column elementor-element elementor-element-2ad4a04\" data-id=\"2ad4a04\" data-element_type=\"column\">\n\t\t\t<div class=\"elementor-widget-wrap elementor-element-populated\">\n\t\t\t\t\t\t\t\t<div class=\"elementor-element elementor-element-a85e254 elementor-widget elementor-widget-gva-heading-block\" data-id=\"a85e254\" data-element_type=\"widget\" data-widget_type=\"gva-heading-block.default\">\n\t\t\t\t<div class=\"elementor-widget-container\">\n\t\t\t<div class=\"gva-element-gva-heading-block gva-element\">   <div class=\"align-left style-3 widget gsc-heading box-align-left auto-responsive\">\r\n      <div class=\"content-inner\">\r\n         \r\n         \r\n           \r\n         \r\n                     <h3 class=\"title\">\r\n               <span>Latest Articles<\/span>\r\n            <\/h3>\r\n                  \r\n         \r\n      <\/div>\r\n   <\/div>\r\n<\/div>\t\t<\/div>\n\t\t\t\t<\/div>\n\t\t\t\t<div class=\"elementor-element elementor-element-fd1cbcf elementor-widget elementor-widget-gva-posts\" data-id=\"fd1cbcf\" data-element_type=\"widget\" data-widget_type=\"gva-posts.default\">\n\t\t\t\t<div class=\"elementor-widget-container\">\n\t\t\t<div class=\"gva-element-gva-posts gva-element\">  \r\n  <div class=\"gva-posts-list-small clearfix gva-posts\">\r\n      <div class=\"gva-content-items\"> \r\n         <div class=\"post post-block-small\">      \r\n   <div class=\"post-content\">\r\n      <div class=\"post-thumbnail\">\r\n         <a class=\"link-image-content\" href=\"https:\/\/blissajans.com\/en\/sosyal-medya-reklamciligi-nedir\/\">\r\n            <img width=\"175\" height=\"175\" src=\"https:\/\/blissajans.com\/wp-content\/uploads\/2023\/04\/Sosyal-Medya-Reklamciligi-Nedir-175x175.jpg\" class=\"attachment-thumbnail size-thumbnail wp-post-image\" alt=\"\" decoding=\"async\" loading=\"lazy\" srcset=\"https:\/\/blissajans.com\/wp-content\/uploads\/2023\/04\/Sosyal-Medya-Reklamciligi-Nedir-175x175.jpg 175w, https:\/\/blissajans.com\/wp-content\/uploads\/2023\/04\/Sosyal-Medya-Reklamciligi-Nedir-300x300.jpg 300w, https:\/\/blissajans.com\/wp-content\/uploads\/2023\/04\/Sosyal-Medya-Reklamciligi-Nedir-180x180.jpg 180w\" sizes=\"(max-width: 175px) 100vw, 175px\" \/>         <\/a>\r\n      <\/div>\r\n      <div class=\"content-inner\">\r\n         <div class=\"entry-meta clearfix\">\r\n            <div class=\"clearfix meta-inline post-meta-1\"><span class=\"author vcard\"><i class=\"far fa-user-circle\"><\/i>Bliss Ajans<\/span><span class=\"line\">\/<\/span><span class=\"post-comment\"><i class=\"far fa-comments\"><\/i>0 Comments<\/span><\/div>         <\/div> \r\n         <h3 class=\"entry-title\"><a href=\"https:\/\/blissajans.com\/en\/sosyal-medya-reklamciligi-nedir\/\">What is Social Media Advertising?<\/a><\/h3> \r\n      <\/div>    \r\n   <\/div>   \r\n<\/div>\r\n\r\n  <div class=\"post post-block-small\">      \r\n   <div class=\"post-content\">\r\n      <div class=\"post-thumbnail\">\r\n         <a class=\"link-image-content\" href=\"https:\/\/blissajans.com\/en\/google-reklamlari-nedir-ve-nasil-olusturulur\/\">\r\n            <img width=\"175\" height=\"175\" src=\"https:\/\/blissajans.com\/wp-content\/uploads\/2023\/04\/Google-Reklamlari-Nedir-ve-Nasil-Olusturulur-175x175.jpg\" class=\"attachment-thumbnail size-thumbnail wp-post-image\" alt=\"\" decoding=\"async\" loading=\"lazy\" srcset=\"https:\/\/blissajans.com\/wp-content\/uploads\/2023\/04\/Google-Reklamlari-Nedir-ve-Nasil-Olusturulur-175x175.jpg 175w, https:\/\/blissajans.com\/wp-content\/uploads\/2023\/04\/Google-Reklamlari-Nedir-ve-Nasil-Olusturulur-300x300.jpg 300w, https:\/\/blissajans.com\/wp-content\/uploads\/2023\/04\/Google-Reklamlari-Nedir-ve-Nasil-Olusturulur-180x180.jpg 180w\" sizes=\"(max-width: 175px) 100vw, 175px\" \/>         <\/a>\r\n      <\/div>\r\n      <div class=\"content-inner\">\r\n         <div class=\"entry-meta clearfix\">\r\n            <div class=\"clearfix meta-inline post-meta-1\"><span class=\"author vcard\"><i class=\"far fa-user-circle\"><\/i>Bliss Ajans<\/span><span class=\"line\">\/<\/span><span class=\"post-comment\"><i class=\"far fa-comments\"><\/i>0 Comments<\/span><\/div>         <\/div> \r\n         <h3 class=\"entry-title\"><a href=\"https:\/\/blissajans.com\/en\/google-reklamlari-nedir-ve-nasil-olusturulur\/\">What are Google Ads? What Does It Do?<\/a><\/h3> \r\n      <\/div>    \r\n   <\/div>   \r\n<\/div>\r\n\r\n  <div class=\"post post-block-small\">      \r\n   <div class=\"post-content\">\r\n      <div class=\"post-thumbnail\">\r\n         <a class=\"link-image-content\" href=\"https:\/\/blissajans.com\/en\/seo-nedir-ve-nasil-yapilir\/\">\r\n            <img width=\"175\" height=\"175\" src=\"https:\/\/blissajans.com\/wp-content\/uploads\/2023\/04\/SEO-Nedir-ve-Nasil-Yapilir-175x175.jpg\" class=\"attachment-thumbnail size-thumbnail wp-post-image\" alt=\"\" decoding=\"async\" loading=\"lazy\" srcset=\"https:\/\/blissajans.com\/wp-content\/uploads\/2023\/04\/SEO-Nedir-ve-Nasil-Yapilir-175x175.jpg 175w, https:\/\/blissajans.com\/wp-content\/uploads\/2023\/04\/SEO-Nedir-ve-Nasil-Yapilir-300x300.jpg 300w, https:\/\/blissajans.com\/wp-content\/uploads\/2023\/04\/SEO-Nedir-ve-Nasil-Yapilir-180x180.jpg 180w\" sizes=\"(max-width: 175px) 100vw, 175px\" \/>         <\/a>\r\n      <\/div>\r\n      <div class=\"content-inner\">\r\n         <div class=\"entry-meta clearfix\">\r\n            <div class=\"clearfix meta-inline post-meta-1\"><span class=\"author vcard\"><i class=\"far fa-user-circle\"><\/i>Bliss Ajans<\/span><span class=\"line\">\/<\/span><span class=\"post-comment\"><i class=\"far fa-comments\"><\/i>0 Comments<\/span><\/div>         <\/div> \r\n         <h3 class=\"entry-title\"><a href=\"https:\/\/blissajans.com\/en\/seo-nedir-ve-nasil-yapilir\/\">What is SEO and How Is It Done?<\/a><\/h3> \r\n      <\/div>    \r\n   <\/div>   \r\n<\/div>\r\n\r\n        <\/div>\r\n        <\/div>\r\n  <\/div>\t\t<\/div>\n\t\t\t\t<\/div>\n\t\t\t\t\t<\/div>\n\t\t<\/div>\n\t\t\t\t\t\t\t<\/div>\n\t\t<\/section>\n\t\t\t\t<div class=\"elementor-element elementor-element-d303207 elementor-widget elementor-widget-wp-widget-tag_cloud\" data-id=\"d303207\" data-element_type=\"widget\" data-widget_type=\"wp-widget-tag_cloud.default\">\n\t\t\t\t<div class=\"elementor-widget-container\">\n\t\t\t<h5>Tags<\/h5><div class=\"tagcloud\"><a href=\"https:\/\/blissajans.com\/en\/etiket\/google-reklamlari-nedir\/\" class=\"tag-cloud-link tag-link-48 tag-link-position-1\" style=\"font-size: 8pt;\" aria-label=\"Google Reklamlar\u0131 Nedir (1 item)\">What are Google Ads<\/a>\n<a href=\"https:\/\/blissajans.com\/en\/etiket\/seo-nedir\/\" class=\"tag-cloud-link tag-link-47 tag-link-position-2\" style=\"font-size: 8pt;\" aria-label=\"SEO Nedir (1 item)\">What is SEO<\/a>\n<a href=\"https:\/\/blissajans.com\/en\/etiket\/sosyal-medya-reklamciligi\/\" class=\"tag-cloud-link tag-link-49 tag-link-position-3\" style=\"font-size: 8pt;\" aria-label=\"Sosyal Medya Reklamc\u0131l\u0131\u011f\u0131 (1 item)\">Social Media Advertising<\/a><\/div>\n\t\t<\/div>\n\t\t\t\t<\/div>\n\t\t\t\t\t<\/div>\n\t\t<\/div>\n\t\t\t\t\t\t\t<\/div>\n\t\t<\/section>\n\t\t\t\t\t\t\t<\/div>","protected":false},"excerpt":{"rendered":"<p>Blog Home Sayfa 26 Nisan 2023\/0 comments Sosyal Medya Reklamc\u0131l\u0131\u011f\u0131 Nedir? Sosyal medya reklamc\u0131l\u0131\u011f\u0131, \u00e7e\u015fitli sosyal medya platformlar\u0131 \u00fczerinden yap\u0131lan reklam faaliyetlerinin t\u00fcm\u00fcn\u00fc kapsamaktad\u0131r. Bu t\u00fcr Read more 26 Nisan [&hellip;]<\/p>","protected":false},"author":1,"featured_media":0,"parent":0,"menu_order":0,"comment_status":"closed","ping_status":"open","template":"","meta":[],"yoast_head":"<!-- This site is optimized with the Yoast SEO plugin v20.6 - https:\/\/yoast.com\/wordpress\/plugins\/seo\/ -->\n<title>Blog - Bliss Ajans<\/title>\n<meta name=\"robots\" content=\"index, follow, max-snippet:-1, max-image-preview:large, max-video-preview:-1\" \/>\n<link rel=\"canonical\" href=\"https:\/\/blissajans.com\/en\/blog\/\" \/>\n<meta property=\"og:locale\" content=\"en_US\" \/>\n<meta property=\"og:type\" content=\"article\" \/>\n<meta property=\"og:title\" content=\"Blog - Bliss Ajans\" \/>\n<meta property=\"og:description\" content=\"Blog Home Sayfa 26 Nisan 2023\/0 comments Sosyal Medya Reklamc\u0131l\u0131\u011f\u0131 Nedir? Sosyal medya reklamc\u0131l\u0131\u011f\u0131, \u00e7e\u015fitli sosyal medya platformlar\u0131 \u00fczerinden yap\u0131lan reklam faaliyetlerinin t\u00fcm\u00fcn\u00fc kapsamaktad\u0131r. Bu t\u00fcr Read more 26 Nisan [&hellip;]\" \/>\n<meta property=\"og:url\" content=\"https:\/\/blissajans.com\/en\/blog\/\" \/>\n<meta property=\"og:site_name\" content=\"Bliss Ajans\" \/>\n<meta property=\"article:modified_time\" content=\"2023-04-26T15:05:04+00:00\" \/>\n<meta property=\"og:image\" content=\"http:\/\/blissajans.com\/wp-content\/uploads\/2023\/04\/Sosyal-Medya-Reklamciligi-Nedir-1024x591.jpg\" \/>\n<meta name=\"twitter:card\" content=\"summary_large_image\" \/>\n<meta name=\"twitter:label1\" content=\"Est. reading time\" \/>\n\t<meta name=\"twitter:data1\" content=\"2 minutes\" \/>\n<script type=\"application\/ld+json\" class=\"yoast-schema-graph\">{\"@context\":\"https:\/\/schema.org\",\"@graph\":[{\"@type\":\"WebPage\",\"@id\":\"https:\/\/blissajans.com\/blog\/\",\"url\":\"https:\/\/blissajans.com\/blog\/\",\"name\":\"Blog - Bliss Ajans\",\"isPartOf\":{\"@id\":\"https:\/\/blissajans.com\/#website\"},\"datePublished\":\"2020-12-08T03:30:52+00:00\",\"dateModified\":\"2023-04-26T15:05:04+00:00\",\"inLanguage\":\"en-US\",\"potentialAction\":[{\"@type\":\"ReadAction\",\"target\":[\"https:\/\/blissajans.com\/blog\/\"]}]},{\"@type\":\"WebSite\",\"@id\":\"https:\/\/blissajans.com\/#website\",\"url\":\"https:\/\/blissajans.com\/\",\"name\":\"Bliss Ajans\",\"description\":\"Dijital Pazarlama \u00c7\u00f6z\u00fcmleri - Sosyal Medya Y\u00f6netimi - SEO, PPC, ve Daha Fazlas\u0131\",\"potentialAction\":[{\"@type\":\"SearchAction\",\"target\":{\"@type\":\"EntryPoint\",\"urlTemplate\":\"https:\/\/blissajans.com\/?s={search_term_string}\"},\"query-input\":\"required name=search_term_string\"}],\"inLanguage\":\"en-US\"}]}<\/script>\n<!-- \/ Yoast SEO plugin. -->","yoast_head_json":{"title":"Blog - Bliss Ajans","robots":{"index":"index","follow":"follow","max-snippet":"max-snippet:-1","max-image-preview":"max-image-preview:large","max-video-preview":"max-video-preview:-1"},"canonical":"https:\/\/blissajans.com\/en\/blog\/","og_locale":"en_US","og_type":"article","og_title":"Blog - Bliss Ajans","og_description":"Blog Home Sayfa 26 Nisan 2023\/0 comments Sosyal Medya Reklamc\u0131l\u0131\u011f\u0131 Nedir? Sosyal medya reklamc\u0131l\u0131\u011f\u0131, \u00e7e\u015fitli sosyal medya platformlar\u0131 \u00fczerinden yap\u0131lan reklam faaliyetlerinin t\u00fcm\u00fcn\u00fc kapsamaktad\u0131r. Bu t\u00fcr Read more 26 Nisan [&hellip;]","og_url":"https:\/\/blissajans.com\/en\/blog\/","og_site_name":"Bliss Ajans","article_modified_time":"2023-04-26T15:05:04+00:00","og_image":[{"url":"http:\/\/blissajans.com\/wp-content\/uploads\/2023\/04\/Sosyal-Medya-Reklamciligi-Nedir-1024x591.jpg"}],"twitter_card":"summary_large_image","twitter_misc":{"Est. reading time":"2 minutes"},"schema":{"@context":"https:\/\/schema.org","@graph":[{"@type":"WebPage","@id":"https:\/\/blissajans.com\/blog\/","url":"https:\/\/blissajans.com\/blog\/","name":"Blog - Bliss Ajans","isPartOf":{"@id":"https:\/\/blissajans.com\/#website"},"datePublished":"2020-12-08T03:30:52+00:00","dateModified":"2023-04-26T15:05:04+00:00","inLanguage":"en-US","potentialAction":[{"@type":"ReadAction","target":["https:\/\/blissajans.com\/blog\/"]}]},{"@type":"WebSite","@id":"https:\/\/blissajans.com\/#website","url":"https:\/\/blissajans.com\/","name":"Bliss Ajans","description":"Dijital Pazarlama \u00c7\u00f6z\u00fcmleri - Sosyal Medya Y\u00f6netimi - SEO, PPC, ve Daha Fazlas\u0131","potentialAction":[{"@type":"SearchAction","target":{"@type":"EntryPoint","urlTemplate":"https:\/\/blissajans.com\/?s={search_term_string}"},"query-input":"required name=search_term_string"}],"inLanguage":"en-US"}]}},"_links":{"self":[{"href":"https:\/\/blissajans.com\/en\/wp-json\/wp\/v2\/pages\/1444"}],"collection":[{"href":"https:\/\/blissajans.com\/en\/wp-json\/wp\/v2\/pages"}],"about":[{"href":"https:\/\/blissajans.com\/en\/wp-json\/wp\/v2\/types\/page"}],"author":[{"embeddable":true,"href":"https:\/\/blissajans.com\/en\/wp-json\/wp\/v2\/users\/1"}],"replies":[{"embeddable":true,"href":"https:\/\/blissajans.com\/en\/wp-json\/wp\/v2\/comments?post=1444"}],"version-history":[{"count":10,"href":"https:\/\/blissajans.com\/en\/wp-json\/wp\/v2\/pages\/1444\/revisions"}],"predecessor-version":[{"id":1760,"href":"https:\/\/blissajans.com\/en\/wp-json\/wp\/v2\/pages\/1444\/revisions\/1760"}],"wp:attachment":[{"href":"https:\/\/blissajans.com\/en\/wp-json\/wp\/v2\/media?parent=1444"}],"curies":[{"name":"wp","href":"https:\/\/api.w.org\/{rel}","templated":true}]}}