{"id":1849,"date":"2023-04-26T20:01:21","date_gmt":"2023-04-26T17:01:21","guid":{"rendered":"http:\/\/blissajans.com\/?page_id=1849"},"modified":"2023-04-26T20:02:50","modified_gmt":"2023-04-26T17:02:50","slug":"gizlilik-politikasi","status":"publish","type":"page","link":"https:\/\/blissajans.com\/en\/gizlilik-politikasi\/","title":{"rendered":"Privacy Policy"},"content":{"rendered":"<p>All the information you have entered to become a member of our site will not be shared with 3rd party companies or individuals.<\/p>\r\n<p>All the information you have entered through the contact forms of our site will not be shared with 3rd party companies or persons.<\/p>\r\n<p>Our site may send campaign information, information about new products and promotional information to its customers and members in some periods. Our members can make all kinds of choices about whether or not to receive such information while becoming a member, and then this selection can be changed in the account information section after logging in as a member.<\/p>\r\n<p>Only you can access and change all the information you provide while becoming a member. If you protect your member login information securely, it is not possible for others to access and change information about you.\u00a0<\/p>\r\n<p>The buyer is personally responsible for any improper use, objections and financial losses and penalties that may arise in credit card transactions belonging to himself or third parties on blissajans.com.<\/p>","protected":false},"excerpt":{"rendered":"<p>Sitemize \u00fcye olmak i\u00e7in girmi\u015f oldu\u011funuz t\u00fcm bilgiler, \u00a03. parti firma veya ki\u015filerle payla\u015f\u0131lmayacakt\u0131r. Sitemiz ileti\u015fim formlar\u0131ndan girmi\u015f oldu\u011funuz t\u00fcm bilgiler, \u00a03. parti firma veya ki\u015filerle payla\u015f\u0131lmayacakt\u0131r. Sitemiz baz\u0131 d\u00f6nemlerde [&hellip;]<\/p>","protected":false},"author":1,"featured_media":0,"parent":0,"menu_order":0,"comment_status":"closed","ping_status":"open","template":"","meta":[],"yoast_head":"<!-- This site is optimized with the Yoast SEO plugin v20.6 - https:\/\/yoast.com\/wordpress\/plugins\/seo\/ -->\n<title>Gizlilik Politikas\u0131 - Bliss Ajans<\/title>\n<meta name=\"robots\" content=\"index, follow, max-snippet:-1, max-image-preview:large, max-video-preview:-1\" \/>\n<link rel=\"canonical\" href=\"https:\/\/blissajans.com\/en\/gizlilik-politikasi\/\" \/>\n<meta property=\"og:locale\" content=\"en_US\" \/>\n<meta property=\"og:type\" content=\"article\" \/>\n<meta property=\"og:title\" content=\"Gizlilik Politikas\u0131 - Bliss Ajans\" \/>\n<meta property=\"og:description\" content=\"Sitemize \u00fcye olmak i\u00e7in girmi\u015f oldu\u011funuz t\u00fcm bilgiler, \u00a03. parti firma veya ki\u015filerle payla\u015f\u0131lmayacakt\u0131r. Sitemiz ileti\u015fim formlar\u0131ndan girmi\u015f oldu\u011funuz t\u00fcm bilgiler, \u00a03. parti firma veya ki\u015filerle payla\u015f\u0131lmayacakt\u0131r. Sitemiz baz\u0131 d\u00f6nemlerde [&hellip;]\" \/>\n<meta property=\"og:url\" content=\"https:\/\/blissajans.com\/en\/gizlilik-politikasi\/\" \/>\n<meta property=\"og:site_name\" content=\"Bliss Ajans\" \/>\n<meta property=\"article:modified_time\" content=\"2023-04-26T17:02:50+00:00\" \/>\n<meta name=\"twitter:card\" content=\"summary_large_image\" \/>\n<meta name=\"twitter:label1\" content=\"Est. reading time\" \/>\n\t<meta name=\"twitter:data1\" content=\"1 minute\" \/>\n<script type=\"application\/ld+json\" class=\"yoast-schema-graph\">{\"@context\":\"https:\/\/schema.org\",\"@graph\":[{\"@type\":\"WebPage\",\"@id\":\"https:\/\/blissajans.com\/gizlilik-politikasi\/\",\"url\":\"https:\/\/blissajans.com\/gizlilik-politikasi\/\",\"name\":\"Gizlilik Politikas\u0131 - Bliss Ajans\",\"isPartOf\":{\"@id\":\"https:\/\/blissajans.com\/#website\"},\"datePublished\":\"2023-04-26T17:01:21+00:00\",\"dateModified\":\"2023-04-26T17:02:50+00:00\",\"inLanguage\":\"en-US\",\"potentialAction\":[{\"@type\":\"ReadAction\",\"target\":[\"https:\/\/blissajans.com\/gizlilik-politikasi\/\"]}]},{\"@type\":\"WebSite\",\"@id\":\"https:\/\/blissajans.com\/#website\",\"url\":\"https:\/\/blissajans.com\/\",\"name\":\"Bliss Ajans\",\"description\":\"Dijital Pazarlama \u00c7\u00f6z\u00fcmleri - Sosyal Medya Y\u00f6netimi - SEO, PPC, ve Daha Fazlas\u0131\",\"potentialAction\":[{\"@type\":\"SearchAction\",\"target\":{\"@type\":\"EntryPoint\",\"urlTemplate\":\"https:\/\/blissajans.com\/?s={search_term_string}\"},\"query-input\":\"required name=search_term_string\"}],\"inLanguage\":\"en-US\"}]}<\/script>\n<!-- \/ Yoast SEO plugin. -->","yoast_head_json":{"title":"Gizlilik Politikas\u0131 - Bliss Ajans","robots":{"index":"index","follow":"follow","max-snippet":"max-snippet:-1","max-image-preview":"max-image-preview:large","max-video-preview":"max-video-preview:-1"},"canonical":"https:\/\/blissajans.com\/en\/gizlilik-politikasi\/","og_locale":"en_US","og_type":"article","og_title":"Gizlilik Politikas\u0131 - Bliss Ajans","og_description":"Sitemize \u00fcye olmak i\u00e7in girmi\u015f oldu\u011funuz t\u00fcm bilgiler, \u00a03. parti firma veya ki\u015filerle payla\u015f\u0131lmayacakt\u0131r. Sitemiz ileti\u015fim formlar\u0131ndan girmi\u015f oldu\u011funuz t\u00fcm bilgiler, \u00a03. parti firma veya ki\u015filerle payla\u015f\u0131lmayacakt\u0131r. Sitemiz baz\u0131 d\u00f6nemlerde [&hellip;]","og_url":"https:\/\/blissajans.com\/en\/gizlilik-politikasi\/","og_site_name":"Bliss Ajans","article_modified_time":"2023-04-26T17:02:50+00:00","twitter_card":"summary_large_image","twitter_misc":{"Est. reading time":"1 minute"},"schema":{"@context":"https:\/\/schema.org","@graph":[{"@type":"WebPage","@id":"https:\/\/blissajans.com\/gizlilik-politikasi\/","url":"https:\/\/blissajans.com\/gizlilik-politikasi\/","name":"Gizlilik Politikas\u0131 - Bliss Ajans","isPartOf":{"@id":"https:\/\/blissajans.com\/#website"},"datePublished":"2023-04-26T17:01:21+00:00","dateModified":"2023-04-26T17:02:50+00:00","inLanguage":"en-US","potentialAction":[{"@type":"ReadAction","target":["https:\/\/blissajans.com\/gizlilik-politikasi\/"]}]},{"@type":"WebSite","@id":"https:\/\/blissajans.com\/#website","url":"https:\/\/blissajans.com\/","name":"Bliss Ajans","description":"Dijital Pazarlama \u00c7\u00f6z\u00fcmleri - Sosyal Medya Y\u00f6netimi - SEO, PPC, ve Daha Fazlas\u0131","potentialAction":[{"@type":"SearchAction","target":{"@type":"EntryPoint","urlTemplate":"https:\/\/blissajans.com\/?s={search_term_string}"},"query-input":"required name=search_term_string"}],"inLanguage":"en-US"}]}},"_links":{"self":[{"href":"https:\/\/blissajans.com\/en\/wp-json\/wp\/v2\/pages\/1849"}],"collection":[{"href":"https:\/\/blissajans.com\/en\/wp-json\/wp\/v2\/pages"}],"about":[{"href":"https:\/\/blissajans.com\/en\/wp-json\/wp\/v2\/types\/page"}],"author":[{"embeddable":true,"href":"https:\/\/blissajans.com\/en\/wp-json\/wp\/v2\/users\/1"}],"replies":[{"embeddable":true,"href":"https:\/\/blissajans.com\/en\/wp-json\/wp\/v2\/comments?post=1849"}],"version-history":[{"count":4,"href":"https:\/\/blissajans.com\/en\/wp-json\/wp\/v2\/pages\/1849\/revisions"}],"predecessor-version":[{"id":1856,"href":"https:\/\/blissajans.com\/en\/wp-json\/wp\/v2\/pages\/1849\/revisions\/1856"}],"wp:attachment":[{"href":"https:\/\/blissajans.com\/en\/wp-json\/wp\/v2\/media?parent=1849"}],"curies":[{"name":"wp","href":"https:\/\/api.w.org\/{rel}","templated":true}]}}