{"id":1948,"date":"2023-04-30T00:43:56","date_gmt":"2023-04-29T21:43:56","guid":{"rendered":"http:\/\/blissajans.com\/?page_id=1948"},"modified":"2023-04-30T00:48:06","modified_gmt":"2023-04-29T21:48:06","slug":"projelerimiz","status":"publish","type":"page","link":"https:\/\/blissajans.com\/en\/projelerimiz\/","title":{"rendered":"Our Projects"},"content":{"rendered":"<div data-elementor-type=\"wp-page\" data-elementor-id=\"1948\" class=\"elementor elementor-1948\">\n\t\t\t\t\t\t\t\t\t<section class=\"elementor-section elementor-top-section elementor-element elementor-element-71c975b elementor-section-full_width elementor-section-height-default elementor-section-height-default\" data-id=\"71c975b\" data-element_type=\"section\" data-settings=\"{&quot;background_background&quot;:&quot;slideshow&quot;,&quot;background_slideshow_gallery&quot;:[{&quot;id&quot;:1404,&quot;url&quot;:&quot;https:\\\/\\\/gaviaspreview.com\\\/wp\\\/sominx\\\/wp-content\\\/uploads\\\/2022\\\/03\\\/breadcrumb-2.jpg&quot;},{&quot;id&quot;:1008,&quot;url&quot;:&quot;https:\\\/\\\/gaviaspreview.com\\\/wp\\\/sominx\\\/wp-content\\\/uploads\\\/2021\\\/10\\\/breadcrumb.jpg&quot;}],&quot;background_slideshow_ken_burns&quot;:&quot;yes&quot;,&quot;background_slideshow_loop&quot;:&quot;yes&quot;,&quot;background_slideshow_slide_duration&quot;:5000,&quot;background_slideshow_slide_transition&quot;:&quot;fade&quot;,&quot;background_slideshow_transition_duration&quot;:500,&quot;background_slideshow_ken_burns_zoom_direction&quot;:&quot;in&quot;}\">\n\t\t\t\t\t\t\t<div class=\"elementor-background-overlay\"><\/div>\n\t\t\t\t\t\t\t<div class=\"elementor-container elementor-column-gap-default\">\n\t\t\t\t\t<div class=\"elementor-column elementor-col-100 elementor-top-column elementor-element elementor-element-6d1fc4f\" data-id=\"6d1fc4f\" data-element_type=\"column\">\n\t\t\t<div class=\"elementor-widget-wrap elementor-element-populated\">\n\t\t\t\t\t\t\t\t<div class=\"elementor-element elementor-element-ab03e16 elementor-widget elementor-widget-gva_post_breadcrumb\" data-id=\"ab03e16\" data-element_type=\"widget\" data-widget_type=\"gva_post_breadcrumb.default\">\n\t\t\t\t<div class=\"elementor-widget-container\">\n\t\t\t<div class=\"gva-element-gva_post_breadcrumb gva-element\">   \r\n<div class=\"post-breadcrumb\">\r\n   <div class=\"custom-breadcrumb\" >\r\n            <div class=\"breadcrumb-main\">\r\n        <div class=\"container\">\r\n          <div class=\"breadcrumb-container-inner\">\r\n            <h2 class=\"heading-title\">Our Projects<\/h2><ol class=\"breadcrumb\"><li><a href=\"https:\/\/blissajans.com\/en\">Home<\/a> <\/li> <li class=\"active\">Page<\/li><\/ol>          <\/div>  \r\n        <\/div>   \r\n      <\/div>  \r\n   <\/div>\r\n<\/div>      \r\n\r\n<\/div>\t\t<\/div>\n\t\t\t\t<\/div>\n\t\t\t\t\t<\/div>\n\t\t<\/div>\n\t\t\t\t\t\t\t<\/div>\n\t\t<\/section>\n\t\t<div class=\"elementor-element elementor-element-6ca7a07 e-con-boxed e-con\" data-id=\"6ca7a07\" data-element_type=\"container\" data-settings=\"{&quot;content_width&quot;:&quot;boxed&quot;}\">\n\t\t\t\t\t<div class=\"e-con-inner\">\n\t\t\t\t<div class=\"elementor-element elementor-element-bd4eb05 gallery-spacing-custom elementor-widget elementor-widget-image-gallery\" data-id=\"bd4eb05\" data-element_type=\"widget\" data-widget_type=\"image-gallery.default\">\n\t\t\t\t<div class=\"elementor-widget-container\">\n\t\t\t<style>\/*! elementor - v3.12.2 - 23-04-2023 *\/\n.elementor-image-gallery .gallery-item{display:inline-block;text-align:center;vertical-align:top;width:100%;max-width:100%;margin:0 auto}.elementor-image-gallery .gallery-item img{margin:0 auto}.elementor-image-gallery .gallery-item .gallery-caption{margin:0}.elementor-image-gallery figure img{display:block}.elementor-image-gallery figure figcaption{width:100%}.gallery-spacing-custom .elementor-image-gallery .gallery-icon{padding:0}@media (min-width:768px){.elementor-image-gallery .gallery-columns-2 .gallery-item{max-width:50%}.elementor-image-gallery .gallery-columns-3 .gallery-item{max-width:33.33%}.elementor-image-gallery .gallery-columns-4 .gallery-item{max-width:25%}.elementor-image-gallery .gallery-columns-5 .gallery-item{max-width:20%}.elementor-image-gallery .gallery-columns-6 .gallery-item{max-width:16.666%}.elementor-image-gallery .gallery-columns-7 .gallery-item{max-width:14.28%}.elementor-image-gallery .gallery-columns-8 .gallery-item{max-width:12.5%}.elementor-image-gallery .gallery-columns-9 .gallery-item{max-width:11.11%}.elementor-image-gallery .gallery-columns-10 .gallery-item{max-width:10%}}@media (min-width:480px) and (max-width:767px){.elementor-image-gallery .gallery.gallery-columns-2 .gallery-item,.elementor-image-gallery .gallery.gallery-columns-3 .gallery-item,.elementor-image-gallery .gallery.gallery-columns-4 .gallery-item,.elementor-image-gallery .gallery.gallery-columns-5 .gallery-item,.elementor-image-gallery .gallery.gallery-columns-6 .gallery-item,.elementor-image-gallery .gallery.gallery-columns-7 .gallery-item,.elementor-image-gallery .gallery.gallery-columns-8 .gallery-item,.elementor-image-gallery .gallery.gallery-columns-9 .gallery-item,.elementor-image-gallery .gallery.gallery-columns-10 .gallery-item{max-width:50%}}@media (max-width:479px){.elementor-image-gallery .gallery.gallery-columns-2 .gallery-item,.elementor-image-gallery .gallery.gallery-columns-3 .gallery-item,.elementor-image-gallery .gallery.gallery-columns-4 .gallery-item,.elementor-image-gallery .gallery.gallery-columns-5 .gallery-item,.elementor-image-gallery .gallery.gallery-columns-6 .gallery-item,.elementor-image-gallery .gallery.gallery-columns-7 .gallery-item,.elementor-image-gallery .gallery.gallery-columns-8 .gallery-item,.elementor-image-gallery .gallery.gallery-columns-9 .gallery-item,.elementor-image-gallery .gallery.gallery-columns-10 .gallery-item{max-width:100%}}<\/style>\t\t<div class=\"elementor-image-gallery\">\n\t\t\t\n\t\t<style type=\"text\/css\">\n\t\t\t#gallery-1 {\n\t\t\t\tmargin: auto;\n\t\t\t}\n\t\t\t#gallery-1 .gallery-item {\n\t\t\t\tfloat: left;\n\t\t\t\tmargin-top: 10px;\n\t\t\t\ttext-align: center;\n\t\t\t\twidth: 25%;\n\t\t\t}\n\t\t\t#gallery-1 img {\n\t\t\t\tborder: 2px solid #cfcfcf;\n\t\t\t}\n\t\t\t#gallery-1 .gallery-caption {\n\t\t\t\tmargin-left: 0;\n\t\t\t}\n\t\t\t\/* see gallery_shortcode() in wp-includes\/media.php *\/\n\t\t<\/style>\n\t\t<div id='gallery-1' class='gallery galleryid-1948 gallery-columns-4 gallery-size-medium'><dl class='gallery-item'>\n\t\t\t<dt class='gallery-icon landscape'>\n\t\t\t\t<a data-elementor-open-lightbox=\"yes\" data-elementor-lightbox-slideshow=\"bd4eb05\" data-elementor-lightbox-title=\"2 bayb mood spa\" data-e-action-hash=\"#elementor-action%3Aaction%3Dlightbox%26settings%3DeyJpZCI6MTkyMiwidXJsIjoiaHR0cHM6XC9cL2JsaXNzYWphbnMuY29tXC93cC1jb250ZW50XC91cGxvYWRzXC8yMDIzXC8wNFwvMi1iYXliLW1vb2Qtc3BhLTEuanBnIiwic2xpZGVzaG93IjoiYmQ0ZWIwNSJ9\" href='https:\/\/blissajans.com\/wp-content\/uploads\/2023\/04\/2-bayb-mood-spa-1.jpg'><img width=\"150\" height=\"150\" src=\"https:\/\/blissajans.com\/wp-content\/uploads\/2023\/04\/2-bayb-mood-spa-1.jpg\" class=\"attachment-medium size-medium\" alt=\"\" decoding=\"async\" loading=\"lazy\" srcset=\"https:\/\/blissajans.com\/wp-content\/uploads\/2023\/04\/2-bayb-mood-spa-1.jpg 150w, https:\/\/blissajans.com\/wp-content\/uploads\/2023\/04\/2-bayb-mood-spa-1-12x12.jpg 12w\" sizes=\"(max-width: 150px) 100vw, 150px\" \/><\/a>\n\t\t\t<\/dt><\/dl><dl class='gallery-item'>\n\t\t\t<dt class='gallery-icon landscape'>\n\t\t\t\t<a data-elementor-open-lightbox=\"yes\" data-elementor-lightbox-slideshow=\"bd4eb05\" data-elementor-lightbox-title=\"1 \u0130zmir Piero Travel\" data-e-action-hash=\"#elementor-action%3Aaction%3Dlightbox%26settings%3DeyJpZCI6MTkyNiwidXJsIjoiaHR0cHM6XC9cL2JsaXNzYWphbnMuY29tXC93cC1jb250ZW50XC91cGxvYWRzXC8yMDIzXC8wNFwvMS1Jem1pci1QaWVyby1UcmF2ZWwtMS5qcGciLCJzbGlkZXNob3ciOiJiZDRlYjA1In0%3D\" href='https:\/\/blissajans.com\/wp-content\/uploads\/2023\/04\/1-Izmir-Piero-Travel-1.jpg'><img width=\"150\" height=\"150\" src=\"https:\/\/blissajans.com\/wp-content\/uploads\/2023\/04\/1-Izmir-Piero-Travel-1.jpg\" class=\"attachment-medium size-medium\" alt=\"\" decoding=\"async\" loading=\"lazy\" srcset=\"https:\/\/blissajans.com\/wp-content\/uploads\/2023\/04\/1-Izmir-Piero-Travel-1.jpg 150w, https:\/\/blissajans.com\/wp-content\/uploads\/2023\/04\/1-Izmir-Piero-Travel-1-12x12.jpg 12w\" sizes=\"(max-width: 150px) 100vw, 150px\" \/><\/a>\n\t\t\t<\/dt><\/dl><dl class='gallery-item'>\n\t\t\t<dt class='gallery-icon landscape'>\n\t\t\t\t<a data-elementor-open-lightbox=\"yes\" data-elementor-lightbox-slideshow=\"bd4eb05\" data-elementor-lightbox-title=\"3 Biriz beauty\" data-e-action-hash=\"#elementor-action%3Aaction%3Dlightbox%26settings%3DeyJpZCI6MTkzMCwidXJsIjoiaHR0cHM6XC9cL2JsaXNzYWphbnMuY29tXC93cC1jb250ZW50XC91cGxvYWRzXC8yMDIzXC8wNFwvMy1CaXJpei1iZWF1dHkuanBnIiwic2xpZGVzaG93IjoiYmQ0ZWIwNSJ9\" href='https:\/\/blissajans.com\/wp-content\/uploads\/2023\/04\/3-Biriz-beauty.jpg'><img width=\"150\" height=\"150\" src=\"https:\/\/blissajans.com\/wp-content\/uploads\/2023\/04\/3-Biriz-beauty.jpg\" class=\"attachment-medium size-medium\" alt=\"\" decoding=\"async\" loading=\"lazy\" srcset=\"https:\/\/blissajans.com\/wp-content\/uploads\/2023\/04\/3-Biriz-beauty.jpg 150w, https:\/\/blissajans.com\/wp-content\/uploads\/2023\/04\/3-Biriz-beauty-12x12.jpg 12w\" sizes=\"(max-width: 150px) 100vw, 150px\" \/><\/a>\n\t\t\t<\/dt><\/dl><dl class='gallery-item'>\n\t\t\t<dt class='gallery-icon landscape'>\n\t\t\t\t<a data-elementor-open-lightbox=\"yes\" data-elementor-lightbox-slideshow=\"bd4eb05\" data-elementor-lightbox-title=\"4 CB ADA-04 (1)\" data-e-action-hash=\"#elementor-action%3Aaction%3Dlightbox%26settings%3DeyJpZCI6MTkzMSwidXJsIjoiaHR0cHM6XC9cL2JsaXNzYWphbnMuY29tXC93cC1jb250ZW50XC91cGxvYWRzXC8yMDIzXC8wNFwvNC1DQi1BREEtMDQtMS5qcGciLCJzbGlkZXNob3ciOiJiZDRlYjA1In0%3D\" href='https:\/\/blissajans.com\/wp-content\/uploads\/2023\/04\/4-CB-ADA-04-1.jpg'><img width=\"150\" height=\"150\" src=\"https:\/\/blissajans.com\/wp-content\/uploads\/2023\/04\/4-CB-ADA-04-1.jpg\" class=\"attachment-medium size-medium\" alt=\"\" decoding=\"async\" loading=\"lazy\" srcset=\"https:\/\/blissajans.com\/wp-content\/uploads\/2023\/04\/4-CB-ADA-04-1.jpg 150w, https:\/\/blissajans.com\/wp-content\/uploads\/2023\/04\/4-CB-ADA-04-1-12x12.jpg 12w\" sizes=\"(max-width: 150px) 100vw, 150px\" \/><\/a>\n\t\t\t<\/dt><\/dl><br style=\"clear: both\" \/><dl class='gallery-item'>\n\t\t\t<dt class='gallery-icon landscape'>\n\t\t\t\t<a data-elementor-open-lightbox=\"yes\" data-elementor-lightbox-slideshow=\"bd4eb05\" data-elementor-lightbox-title=\"5 WhatsApp Image 2023-04-18 at 13.09\" data-e-action-hash=\"#elementor-action%3Aaction%3Dlightbox%26settings%3DeyJpZCI6MTkzMiwidXJsIjoiaHR0cHM6XC9cL2JsaXNzYWphbnMuY29tXC93cC1jb250ZW50XC91cGxvYWRzXC8yMDIzXC8wNFwvNS1XaGF0c0FwcC1JbWFnZS0yMDIzLTA0LTE4LWF0LTEzLjA5LmpwZyIsInNsaWRlc2hvdyI6ImJkNGViMDUifQ%3D%3D\" href='https:\/\/blissajans.com\/wp-content\/uploads\/2023\/04\/5-WhatsApp-Image-2023-04-18-at-13.09.jpg'><img width=\"150\" height=\"150\" src=\"https:\/\/blissajans.com\/wp-content\/uploads\/2023\/04\/5-WhatsApp-Image-2023-04-18-at-13.09.jpg\" class=\"attachment-medium size-medium\" alt=\"\" decoding=\"async\" loading=\"lazy\" srcset=\"https:\/\/blissajans.com\/wp-content\/uploads\/2023\/04\/5-WhatsApp-Image-2023-04-18-at-13.09.jpg 150w, https:\/\/blissajans.com\/wp-content\/uploads\/2023\/04\/5-WhatsApp-Image-2023-04-18-at-13.09-12x12.jpg 12w\" sizes=\"(max-width: 150px) 100vw, 150px\" \/><\/a>\n\t\t\t<\/dt><\/dl><dl class='gallery-item'>\n\t\t\t<dt class='gallery-icon landscape'>\n\t\t\t\t<a data-elementor-open-lightbox=\"yes\" data-elementor-lightbox-slideshow=\"bd4eb05\" data-elementor-lightbox-title=\"8 Screenshot\" data-e-action-hash=\"#elementor-action%3Aaction%3Dlightbox%26settings%3DeyJpZCI6MTk0MiwidXJsIjoiaHR0cHM6XC9cL2JsaXNzYWphbnMuY29tXC93cC1jb250ZW50XC91cGxvYWRzXC8yMDIzXC8wNFwvOC1TY3JlZW5zaG90LmpwZyIsInNsaWRlc2hvdyI6ImJkNGViMDUifQ%3D%3D\" href='https:\/\/blissajans.com\/wp-content\/uploads\/2023\/04\/8-Screenshot.jpg'><img width=\"150\" height=\"150\" src=\"https:\/\/blissajans.com\/wp-content\/uploads\/2023\/04\/8-Screenshot.jpg\" class=\"attachment-medium size-medium\" alt=\"\" decoding=\"async\" loading=\"lazy\" srcset=\"https:\/\/blissajans.com\/wp-content\/uploads\/2023\/04\/8-Screenshot.jpg 150w, https:\/\/blissajans.com\/wp-content\/uploads\/2023\/04\/8-Screenshot-12x12.jpg 12w\" sizes=\"(max-width: 150px) 100vw, 150px\" \/><\/a>\n\t\t\t<\/dt><\/dl><dl class='gallery-item'>\n\t\t\t<dt class='gallery-icon landscape'>\n\t\t\t\t<a data-elementor-open-lightbox=\"yes\" data-elementor-lightbox-slideshow=\"bd4eb05\" data-elementor-lightbox-title=\"6 Katman 1\" data-e-action-hash=\"#elementor-action%3Aaction%3Dlightbox%26settings%3DeyJpZCI6MTk0MywidXJsIjoiaHR0cHM6XC9cL2JsaXNzYWphbnMuY29tXC93cC1jb250ZW50XC91cGxvYWRzXC8yMDIzXC8wNFwvNi1LYXRtYW4tMS5qcGciLCJzbGlkZXNob3ciOiJiZDRlYjA1In0%3D\" href='https:\/\/blissajans.com\/wp-content\/uploads\/2023\/04\/6-Katman-1.jpg'><img width=\"150\" height=\"150\" src=\"https:\/\/blissajans.com\/wp-content\/uploads\/2023\/04\/6-Katman-1.jpg\" class=\"attachment-medium size-medium\" alt=\"\" decoding=\"async\" loading=\"lazy\" srcset=\"https:\/\/blissajans.com\/wp-content\/uploads\/2023\/04\/6-Katman-1.jpg 150w, https:\/\/blissajans.com\/wp-content\/uploads\/2023\/04\/6-Katman-1-12x12.jpg 12w\" sizes=\"(max-width: 150px) 100vw, 150px\" \/><\/a>\n\t\t\t<\/dt><\/dl><dl class='gallery-item'>\n\t\t\t<dt class='gallery-icon landscape'>\n\t\t\t\t<a data-elementor-open-lightbox=\"yes\" data-elementor-lightbox-slideshow=\"bd4eb05\" data-elementor-lightbox-title=\"7 logo-01\" data-e-action-hash=\"#elementor-action%3Aaction%3Dlightbox%26settings%3DeyJpZCI6MTk0NCwidXJsIjoiaHR0cHM6XC9cL2JsaXNzYWphbnMuY29tXC93cC1jb250ZW50XC91cGxvYWRzXC8yMDIzXC8wNFwvNy1sb2dvLTAxLmpwZyIsInNsaWRlc2hvdyI6ImJkNGViMDUifQ%3D%3D\" href='https:\/\/blissajans.com\/wp-content\/uploads\/2023\/04\/7-logo-01.jpg'><img width=\"150\" height=\"150\" src=\"https:\/\/blissajans.com\/wp-content\/uploads\/2023\/04\/7-logo-01.jpg\" class=\"attachment-medium size-medium\" alt=\"\" decoding=\"async\" loading=\"lazy\" srcset=\"https:\/\/blissajans.com\/wp-content\/uploads\/2023\/04\/7-logo-01.jpg 150w, https:\/\/blissajans.com\/wp-content\/uploads\/2023\/04\/7-logo-01-12x12.jpg 12w\" sizes=\"(max-width: 150px) 100vw, 150px\" \/><\/a>\n\t\t\t<\/dt><\/dl><br style=\"clear: both\" \/>\n\t\t<\/div>\n\t\t<\/div>\n\t\t\t\t<\/div>\n\t\t\t\t<\/div>\n\t\t\t\t\t<\/div>\n\t\t\t\t<\/div>\n\t\t\t\t\t\t\t<\/div>","protected":false},"excerpt":{"rendered":"<p>Projelerimiz Home Sayfa<\/p>","protected":false},"author":1,"featured_media":0,"parent":0,"menu_order":0,"comment_status":"closed","ping_status":"closed","template":"","meta":[],"yoast_head":"<!-- This site is optimized with the Yoast SEO plugin v20.6 - https:\/\/yoast.com\/wordpress\/plugins\/seo\/ -->\n<title>Projelerimiz - Bliss Ajans<\/title>\n<meta name=\"robots\" content=\"index, follow, max-snippet:-1, max-image-preview:large, max-video-preview:-1\" \/>\n<link rel=\"canonical\" href=\"https:\/\/blissajans.com\/en\/projelerimiz\/\" \/>\n<meta property=\"og:locale\" content=\"en_US\" \/>\n<meta property=\"og:type\" content=\"article\" \/>\n<meta property=\"og:title\" content=\"Projelerimiz - Bliss Ajans\" \/>\n<meta property=\"og:description\" content=\"Projelerimiz Home Sayfa\" \/>\n<meta property=\"og:url\" content=\"https:\/\/blissajans.com\/en\/projelerimiz\/\" \/>\n<meta property=\"og:site_name\" content=\"Bliss Ajans\" \/>\n<meta property=\"article:modified_time\" content=\"2023-04-29T21:48:06+00:00\" \/>\n<meta property=\"og:image\" content=\"http:\/\/blissajans.com\/wp-content\/uploads\/2023\/04\/2-bayb-mood-spa-1.jpg\" \/>\n<meta name=\"twitter:card\" content=\"summary_large_image\" \/>\n<meta name=\"twitter:label1\" content=\"Est. reading time\" \/>\n\t<meta name=\"twitter:data1\" content=\"2 minutes\" \/>\n<script type=\"application\/ld+json\" class=\"yoast-schema-graph\">{\"@context\":\"https:\/\/schema.org\",\"@graph\":[{\"@type\":\"WebPage\",\"@id\":\"https:\/\/blissajans.com\/projelerimiz\/\",\"url\":\"https:\/\/blissajans.com\/projelerimiz\/\",\"name\":\"Projelerimiz - Bliss Ajans\",\"isPartOf\":{\"@id\":\"https:\/\/blissajans.com\/#website\"},\"datePublished\":\"2023-04-29T21:43:56+00:00\",\"dateModified\":\"2023-04-29T21:48:06+00:00\",\"inLanguage\":\"en-US\",\"potentialAction\":[{\"@type\":\"ReadAction\",\"target\":[\"https:\/\/blissajans.com\/projelerimiz\/\"]}]},{\"@type\":\"WebSite\",\"@id\":\"https:\/\/blissajans.com\/#website\",\"url\":\"https:\/\/blissajans.com\/\",\"name\":\"Bliss Ajans\",\"description\":\"Dijital Pazarlama \u00c7\u00f6z\u00fcmleri - Sosyal Medya Y\u00f6netimi - SEO, PPC, ve Daha Fazlas\u0131\",\"potentialAction\":[{\"@type\":\"SearchAction\",\"target\":{\"@type\":\"EntryPoint\",\"urlTemplate\":\"https:\/\/blissajans.com\/?s={search_term_string}\"},\"query-input\":\"required name=search_term_string\"}],\"inLanguage\":\"en-US\"}]}<\/script>\n<!-- \/ Yoast SEO plugin. -->","yoast_head_json":{"title":"Projelerimiz - Bliss Ajans","robots":{"index":"index","follow":"follow","max-snippet":"max-snippet:-1","max-image-preview":"max-image-preview:large","max-video-preview":"max-video-preview:-1"},"canonical":"https:\/\/blissajans.com\/en\/projelerimiz\/","og_locale":"en_US","og_type":"article","og_title":"Projelerimiz - Bliss Ajans","og_description":"Projelerimiz Home Sayfa","og_url":"https:\/\/blissajans.com\/en\/projelerimiz\/","og_site_name":"Bliss Ajans","article_modified_time":"2023-04-29T21:48:06+00:00","og_image":[{"url":"http:\/\/blissajans.com\/wp-content\/uploads\/2023\/04\/2-bayb-mood-spa-1.jpg"}],"twitter_card":"summary_large_image","twitter_misc":{"Est. reading time":"2 minutes"},"schema":{"@context":"https:\/\/schema.org","@graph":[{"@type":"WebPage","@id":"https:\/\/blissajans.com\/projelerimiz\/","url":"https:\/\/blissajans.com\/projelerimiz\/","name":"Projelerimiz - Bliss Ajans","isPartOf":{"@id":"https:\/\/blissajans.com\/#website"},"datePublished":"2023-04-29T21:43:56+00:00","dateModified":"2023-04-29T21:48:06+00:00","inLanguage":"en-US","potentialAction":[{"@type":"ReadAction","target":["https:\/\/blissajans.com\/projelerimiz\/"]}]},{"@type":"WebSite","@id":"https:\/\/blissajans.com\/#website","url":"https:\/\/blissajans.com\/","name":"Bliss Ajans","description":"Dijital Pazarlama \u00c7\u00f6z\u00fcmleri - Sosyal Medya Y\u00f6netimi - SEO, PPC, ve Daha Fazlas\u0131","potentialAction":[{"@type":"SearchAction","target":{"@type":"EntryPoint","urlTemplate":"https:\/\/blissajans.com\/?s={search_term_string}"},"query-input":"required name=search_term_string"}],"inLanguage":"en-US"}]}},"_links":{"self":[{"href":"https:\/\/blissajans.com\/en\/wp-json\/wp\/v2\/pages\/1948"}],"collection":[{"href":"https:\/\/blissajans.com\/en\/wp-json\/wp\/v2\/pages"}],"about":[{"href":"https:\/\/blissajans.com\/en\/wp-json\/wp\/v2\/types\/page"}],"author":[{"embeddable":true,"href":"https:\/\/blissajans.com\/en\/wp-json\/wp\/v2\/users\/1"}],"replies":[{"embeddable":true,"href":"https:\/\/blissajans.com\/en\/wp-json\/wp\/v2\/comments?post=1948"}],"version-history":[{"count":10,"href":"https:\/\/blissajans.com\/en\/wp-json\/wp\/v2\/pages\/1948\/revisions"}],"predecessor-version":[{"id":1958,"href":"https:\/\/blissajans.com\/en\/wp-json\/wp\/v2\/pages\/1948\/revisions\/1958"}],"wp:attachment":[{"href":"https:\/\/blissajans.com\/en\/wp-json\/wp\/v2\/media?parent=1948"}],"curies":[{"name":"wp","href":"https:\/\/api.w.org\/{rel}","templated":true}]}}