{"id":21,"date":"2020-12-08T03:53:12","date_gmt":"2020-12-08T03:53:12","guid":{"rendered":"https:\/\/gaviaspreview.com\/wp\/sominx\/?page_id=21"},"modified":"2023-04-30T13:47:31","modified_gmt":"2023-04-30T10:47:31","slug":"hakkimizda","status":"publish","type":"page","link":"https:\/\/blissajans.com\/en\/hakkimizda\/","title":{"rendered":"About Us"},"content":{"rendered":"<div data-elementor-type=\"wp-page\" data-elementor-id=\"21\" class=\"elementor elementor-21\">\n\t\t\t\t\t\t\t\t\t<section class=\"elementor-section elementor-top-section elementor-element elementor-element-71c975b elementor-section-full_width elementor-section-height-default elementor-section-height-default\" data-id=\"71c975b\" data-element_type=\"section\" data-settings=\"{&quot;background_background&quot;:&quot;slideshow&quot;,&quot;background_slideshow_gallery&quot;:[{&quot;id&quot;:1404,&quot;url&quot;:&quot;https:\\\/\\\/gaviaspreview.com\\\/wp\\\/sominx\\\/wp-content\\\/uploads\\\/2022\\\/03\\\/breadcrumb-2.jpg&quot;},{&quot;id&quot;:1008,&quot;url&quot;:&quot;https:\\\/\\\/gaviaspreview.com\\\/wp\\\/sominx\\\/wp-content\\\/uploads\\\/2021\\\/10\\\/breadcrumb.jpg&quot;}],&quot;background_slideshow_ken_burns&quot;:&quot;yes&quot;,&quot;background_slideshow_loop&quot;:&quot;yes&quot;,&quot;background_slideshow_slide_duration&quot;:5000,&quot;background_slideshow_slide_transition&quot;:&quot;fade&quot;,&quot;background_slideshow_transition_duration&quot;:500,&quot;background_slideshow_ken_burns_zoom_direction&quot;:&quot;in&quot;}\">\n\t\t\t\t\t\t\t<div class=\"elementor-background-overlay\"><\/div>\n\t\t\t\t\t\t\t<div class=\"elementor-container elementor-column-gap-default\">\n\t\t\t\t\t<div class=\"elementor-column elementor-col-100 elementor-top-column elementor-element elementor-element-6d1fc4f\" data-id=\"6d1fc4f\" data-element_type=\"column\">\n\t\t\t<div class=\"elementor-widget-wrap elementor-element-populated\">\n\t\t\t\t\t\t\t\t<div class=\"elementor-element elementor-element-ab03e16 elementor-widget elementor-widget-gva_post_breadcrumb\" data-id=\"ab03e16\" data-element_type=\"widget\" data-widget_type=\"gva_post_breadcrumb.default\">\n\t\t\t\t<div class=\"elementor-widget-container\">\n\t\t\t<div class=\"gva-element-gva_post_breadcrumb gva-element\">   \r\n<div class=\"post-breadcrumb\">\r\n   <div class=\"custom-breadcrumb\" >\r\n            <div class=\"breadcrumb-main\">\r\n        <div class=\"container\">\r\n          <div class=\"breadcrumb-container-inner\">\r\n            <h2 class=\"heading-title\">About Us<\/h2><ol class=\"breadcrumb\"><li><a href=\"https:\/\/blissajans.com\/en\">Home<\/a> <\/li> <li class=\"active\">Page<\/li><\/ol>          <\/div>  \r\n        <\/div>   \r\n      <\/div>  \r\n   <\/div>\r\n<\/div>      \r\n\r\n<\/div>\t\t<\/div>\n\t\t\t\t<\/div>\n\t\t\t\t\t<\/div>\n\t\t<\/div>\n\t\t\t\t\t\t\t<\/div>\n\t\t<\/section>\n\t\t\t\t<section class=\"elementor-section elementor-top-section elementor-element elementor-element-cfe9709 elementor-section-boxed elementor-section-height-default elementor-section-height-default\" data-id=\"cfe9709\" data-element_type=\"section\">\n\t\t\t\t\t\t<div class=\"elementor-container elementor-column-gap-default\">\n\t\t\t\t\t<div class=\"elementor-column elementor-col-50 elementor-top-column elementor-element elementor-element-b600727\" data-id=\"b600727\" data-element_type=\"column\">\n\t\t\t<div class=\"elementor-widget-wrap elementor-element-populated\">\n\t\t\t\t\t\t\t\t<div class=\"elementor-element elementor-element-3ce9dddb elementor-widget elementor-widget-gva-heading-block\" data-id=\"3ce9dddb\" data-element_type=\"widget\" data-widget_type=\"gva-heading-block.default\">\n\t\t\t\t<div class=\"elementor-widget-container\">\n\t\t\t<div class=\"gva-element-gva-heading-block gva-element\">   <div class=\"align-left style-1 widget gsc-heading box-align-left auto-responsive\">\r\n      <div class=\"content-inner\">\r\n         \r\n         \r\n                     <div class=\"sub-title\">\r\n               <span class=\"tagline\">Bliss Reklam<\/span> \r\n            <\/div>\r\n           \r\n         \r\n                     <h2 class=\"title\">\r\n               <span>About Us<\/span>\r\n            <\/h2>\r\n                  \r\n         \r\n      <\/div>\r\n   <\/div>\r\n<\/div>\t\t<\/div>\n\t\t\t\t<\/div>\n\t\t\t\t<div class=\"elementor-element elementor-element-d2f81b7 elementor-widget elementor-widget-text-editor\" data-id=\"d2f81b7\" data-element_type=\"widget\" data-widget_type=\"text-editor.default\">\n\t\t\t\t<div class=\"elementor-widget-container\">\n\t\t\t<style>\/*! elementor - v3.12.2 - 23-04-2023 *\/\n.elementor-widget-text-editor.elementor-drop-cap-view-stacked .elementor-drop-cap{background-color:#69727d;color:#fff}.elementor-widget-text-editor.elementor-drop-cap-view-framed .elementor-drop-cap{color:#69727d;border:3px solid;background-color:transparent}.elementor-widget-text-editor:not(.elementor-drop-cap-view-default) .elementor-drop-cap{margin-top:8px}.elementor-widget-text-editor:not(.elementor-drop-cap-view-default) .elementor-drop-cap-letter{width:1em;height:1em}.elementor-widget-text-editor .elementor-drop-cap{float:left;text-align:center;line-height:1;font-size:50px}.elementor-widget-text-editor .elementor-drop-cap-letter{display:inline-block}<\/style>\t\t\t\t<p>By following the developments in the field of digital marketing, we offer the best service to our customers by using the latest technologies. In addition, we are constantly training and improving our team so that we can do our best to meet our customers' expectations.<\/p><p>We develop the most effective strategies for our customers to reach their goals and aim to respond quickly to their needs. Thus, we gain the trust of our customers and contribute to their success.<\/p><p>We always aim to be with our customers and to meet their needs in the best way possible. Thus, we continue to be the best in digital marketing.<\/p>\t\t\t\t\t\t<\/div>\n\t\t\t\t<\/div>\n\t\t\t\t<div class=\"elementor-element elementor-element-84dafd8 elementor-widget elementor-widget-html\" data-id=\"84dafd8\" data-element_type=\"widget\" data-widget_type=\"html.default\">\n\t\t\t\t<div class=\"elementor-widget-container\">\n\t\t\t<a class=\"btn-black\" href=\"https:\/\/blissajans.com\/en\/hizmetlerimiz\/\" target=\"_blank\">\n    <span class=\"btn-text\">Services<\/span>\n<\/a>\t\t<\/div>\n\t\t\t\t<\/div>\n\t\t\t\t\t<\/div>\n\t\t<\/div>\n\t\t\t\t<div class=\"elementor-column elementor-col-50 elementor-top-column elementor-element elementor-element-bdc7059\" data-id=\"bdc7059\" data-element_type=\"column\">\n\t\t\t<div class=\"elementor-widget-wrap elementor-element-populated\">\n\t\t\t\t\t\t\t\t<div class=\"elementor-element elementor-element-7e313d9 elementor-hidden-tablet elementor-hidden-mobile elementor-widget elementor-widget-spacer\" data-id=\"7e313d9\" data-element_type=\"widget\" data-widget_type=\"spacer.default\">\n\t\t\t\t<div class=\"elementor-widget-container\">\n\t\t\t<style>\/*! elementor - v3.12.2 - 23-04-2023 *\/\n.elementor-column .elementor-spacer-inner{height:var(--spacer-size)}.e-con{--container-widget-width:100%}.e-con-inner>.elementor-widget-spacer,.e-con>.elementor-widget-spacer{width:var(--container-widget-width,var(--spacer-size));--align-self:var(--container-widget-align-self,initial);--flex-shrink:0}.e-con-inner>.elementor-widget-spacer>.elementor-widget-container,.e-con-inner>.elementor-widget-spacer>.elementor-widget-container>.elementor-spacer,.e-con>.elementor-widget-spacer>.elementor-widget-container,.e-con>.elementor-widget-spacer>.elementor-widget-container>.elementor-spacer{height:100%}.e-con-inner>.elementor-widget-spacer>.elementor-widget-container>.elementor-spacer>.elementor-spacer-inner,.e-con>.elementor-widget-spacer>.elementor-widget-container>.elementor-spacer>.elementor-spacer-inner{height:var(--container-widget-height,var(--spacer-size))}<\/style>\t\t<div class=\"elementor-spacer\">\n\t\t\t<div class=\"elementor-spacer-inner\"><\/div>\n\t\t<\/div>\n\t\t\t\t<\/div>\n\t\t\t\t<\/div>\n\t\t\t\t<div class=\"elementor-element elementor-element-5971ef8 elementor-widget elementor-widget-gva-video-box\" data-id=\"5971ef8\" data-element_type=\"widget\" data-widget_type=\"gva-video-box.default\">\n\t\t\t\t<div class=\"elementor-widget-container\">\n\t\t\t<div class=\"gva-element-gva-video-box gva-element\">\r\n         <div class=\"widget gsc-video-box clearfix style-1\">\r\n         <div class=\"video-inner\">\r\n                           <div class=\"video-image\">\r\n                  <a href=\"https:\/\/www.youtube.com\/watch?v=g52fb0TM9X0\" class=\"popup-video\">\r\n                     <img decoding=\"async\" src=\"http:\/\/blissajans.com\/wp-content\/uploads\/2023\/04\/4eb2ff03-9865-4894-ba28-5e0a7a8f5c9b.jpg\" alt=\"\"\/>\r\n                  <\/a>   \r\n               <\/div>\r\n               \r\n\r\n            <div class=\"video-content\">\r\n               <div class=\"video-action\">\r\n                                       <a href=\"https:\/\/www.youtube.com\/watch?v=g52fb0TM9X0\" class=\"popup-video\"><span><i class=\"fa fa-play\"><\/i><\/span><\/a>\r\n                    \r\n               <\/div>   \r\n            <\/div>    \r\n         <\/div>\r\n      <\/div> \r\n   \r\n   \r\n \r\n \r\n<\/div>\t\t<\/div>\n\t\t\t\t<\/div>\n\t\t\t\t\t<\/div>\n\t\t<\/div>\n\t\t\t\t\t\t\t<\/div>\n\t\t<\/section>\n\t\t\t\t\t\t\t<\/div>","protected":false},"excerpt":{"rendered":"<p>Hakk\u0131m\u0131zda Home Sayfa Bliss Reklam Hakk\u0131m\u0131zda Dijital pazarlama alan\u0131ndaki geli\u015fmeleri takip ederek, en son teknolojileri kullanarak m\u00fc\u015fterilerimize en iyi hizmeti sunuyoruz. Ayr\u0131ca, s\u00fcrekli olarak ekibimizi e\u011fitiyor ve geli\u015ftiriyoruz, b\u00f6ylece m\u00fc\u015fterilerimizin [&hellip;]<\/p>","protected":false},"author":1,"featured_media":0,"parent":0,"menu_order":0,"comment_status":"closed","ping_status":"closed","template":"","meta":[],"yoast_head":"<!-- This site is optimized with the Yoast SEO plugin v20.6 - https:\/\/yoast.com\/wordpress\/plugins\/seo\/ -->\n<title>Hakk\u0131m\u0131zda - Bliss Ajans<\/title>\n<meta name=\"robots\" content=\"index, follow, max-snippet:-1, max-image-preview:large, max-video-preview:-1\" \/>\n<link rel=\"canonical\" href=\"https:\/\/blissajans.com\/en\/hakkimizda\/\" \/>\n<meta property=\"og:locale\" content=\"en_US\" \/>\n<meta property=\"og:type\" content=\"article\" \/>\n<meta property=\"og:title\" content=\"Hakk\u0131m\u0131zda - Bliss Ajans\" \/>\n<meta property=\"og:description\" content=\"Hakk\u0131m\u0131zda Home Sayfa Bliss Reklam Hakk\u0131m\u0131zda Dijital pazarlama alan\u0131ndaki geli\u015fmeleri takip ederek, en son teknolojileri kullanarak m\u00fc\u015fterilerimize en iyi hizmeti sunuyoruz. Ayr\u0131ca, s\u00fcrekli olarak ekibimizi e\u011fitiyor ve geli\u015ftiriyoruz, b\u00f6ylece m\u00fc\u015fterilerimizin [&hellip;]\" \/>\n<meta property=\"og:url\" content=\"https:\/\/blissajans.com\/en\/hakkimizda\/\" \/>\n<meta property=\"og:site_name\" content=\"Bliss Ajans\" \/>\n<meta property=\"article:modified_time\" content=\"2023-04-30T10:47:31+00:00\" \/>\n<meta property=\"og:image\" content=\"http:\/\/blissajans.com\/wp-content\/uploads\/2023\/04\/4eb2ff03-9865-4894-ba28-5e0a7a8f5c9b.jpg\" \/>\n<meta name=\"twitter:card\" content=\"summary_large_image\" \/>\n<meta name=\"twitter:label1\" content=\"Est. reading time\" \/>\n\t<meta name=\"twitter:data1\" content=\"1 minute\" \/>\n<script type=\"application\/ld+json\" class=\"yoast-schema-graph\">{\"@context\":\"https:\/\/schema.org\",\"@graph\":[{\"@type\":\"WebPage\",\"@id\":\"https:\/\/blissajans.com\/hakkimizda\/\",\"url\":\"https:\/\/blissajans.com\/hakkimizda\/\",\"name\":\"Hakk\u0131m\u0131zda - Bliss Ajans\",\"isPartOf\":{\"@id\":\"https:\/\/blissajans.com\/#website\"},\"datePublished\":\"2020-12-08T03:53:12+00:00\",\"dateModified\":\"2023-04-30T10:47:31+00:00\",\"inLanguage\":\"en-US\",\"potentialAction\":[{\"@type\":\"ReadAction\",\"target\":[\"https:\/\/blissajans.com\/hakkimizda\/\"]}]},{\"@type\":\"WebSite\",\"@id\":\"https:\/\/blissajans.com\/#website\",\"url\":\"https:\/\/blissajans.com\/\",\"name\":\"Bliss Ajans\",\"description\":\"Dijital Pazarlama \u00c7\u00f6z\u00fcmleri - Sosyal Medya Y\u00f6netimi - SEO, PPC, ve Daha Fazlas\u0131\",\"potentialAction\":[{\"@type\":\"SearchAction\",\"target\":{\"@type\":\"EntryPoint\",\"urlTemplate\":\"https:\/\/blissajans.com\/?s={search_term_string}\"},\"query-input\":\"required name=search_term_string\"}],\"inLanguage\":\"en-US\"}]}<\/script>\n<!-- \/ Yoast SEO plugin. -->","yoast_head_json":{"title":"Hakk\u0131m\u0131zda - Bliss Ajans","robots":{"index":"index","follow":"follow","max-snippet":"max-snippet:-1","max-image-preview":"max-image-preview:large","max-video-preview":"max-video-preview:-1"},"canonical":"https:\/\/blissajans.com\/en\/hakkimizda\/","og_locale":"en_US","og_type":"article","og_title":"Hakk\u0131m\u0131zda - Bliss Ajans","og_description":"Hakk\u0131m\u0131zda Home Sayfa Bliss Reklam Hakk\u0131m\u0131zda Dijital pazarlama alan\u0131ndaki geli\u015fmeleri takip ederek, en son teknolojileri kullanarak m\u00fc\u015fterilerimize en iyi hizmeti sunuyoruz. Ayr\u0131ca, s\u00fcrekli olarak ekibimizi e\u011fitiyor ve geli\u015ftiriyoruz, b\u00f6ylece m\u00fc\u015fterilerimizin [&hellip;]","og_url":"https:\/\/blissajans.com\/en\/hakkimizda\/","og_site_name":"Bliss Ajans","article_modified_time":"2023-04-30T10:47:31+00:00","og_image":[{"url":"http:\/\/blissajans.com\/wp-content\/uploads\/2023\/04\/4eb2ff03-9865-4894-ba28-5e0a7a8f5c9b.jpg"}],"twitter_card":"summary_large_image","twitter_misc":{"Est. reading time":"1 minute"},"schema":{"@context":"https:\/\/schema.org","@graph":[{"@type":"WebPage","@id":"https:\/\/blissajans.com\/hakkimizda\/","url":"https:\/\/blissajans.com\/hakkimizda\/","name":"Hakk\u0131m\u0131zda - Bliss Ajans","isPartOf":{"@id":"https:\/\/blissajans.com\/#website"},"datePublished":"2020-12-08T03:53:12+00:00","dateModified":"2023-04-30T10:47:31+00:00","inLanguage":"en-US","potentialAction":[{"@type":"ReadAction","target":["https:\/\/blissajans.com\/hakkimizda\/"]}]},{"@type":"WebSite","@id":"https:\/\/blissajans.com\/#website","url":"https:\/\/blissajans.com\/","name":"Bliss Ajans","description":"Dijital Pazarlama \u00c7\u00f6z\u00fcmleri - Sosyal Medya Y\u00f6netimi - SEO, PPC, ve Daha Fazlas\u0131","potentialAction":[{"@type":"SearchAction","target":{"@type":"EntryPoint","urlTemplate":"https:\/\/blissajans.com\/?s={search_term_string}"},"query-input":"required name=search_term_string"}],"inLanguage":"en-US"}]}},"_links":{"self":[{"href":"https:\/\/blissajans.com\/en\/wp-json\/wp\/v2\/pages\/21"}],"collection":[{"href":"https:\/\/blissajans.com\/en\/wp-json\/wp\/v2\/pages"}],"about":[{"href":"https:\/\/blissajans.com\/en\/wp-json\/wp\/v2\/types\/page"}],"author":[{"embeddable":true,"href":"https:\/\/blissajans.com\/en\/wp-json\/wp\/v2\/users\/1"}],"replies":[{"embeddable":true,"href":"https:\/\/blissajans.com\/en\/wp-json\/wp\/v2\/comments?post=21"}],"version-history":[{"count":25,"href":"https:\/\/blissajans.com\/en\/wp-json\/wp\/v2\/pages\/21\/revisions"}],"predecessor-version":[{"id":2011,"href":"https:\/\/blissajans.com\/en\/wp-json\/wp\/v2\/pages\/21\/revisions\/2011"}],"wp:attachment":[{"href":"https:\/\/blissajans.com\/en\/wp-json\/wp\/v2\/media?parent=21"}],"curies":[{"name":"wp","href":"https:\/\/api.w.org\/{rel}","templated":true}]}}