{"id":32,"date":"2020-12-08T04:13:18","date_gmt":"2020-12-08T04:13:18","guid":{"rendered":"https:\/\/gaviaspreview.com\/wp\/sominx\/?page_id=32"},"modified":"2023-04-26T18:03:06","modified_gmt":"2023-04-26T15:03:06","slug":"hizmetlerimiz","status":"publish","type":"page","link":"https:\/\/blissajans.com\/en\/hizmetlerimiz\/","title":{"rendered":"Services"},"content":{"rendered":"<div data-elementor-type=\"wp-page\" data-elementor-id=\"32\" class=\"elementor elementor-32\">\n\t\t\t\t\t\t\t\t\t<section class=\"elementor-section elementor-top-section elementor-element elementor-element-fbc9dcf elementor-section-full_width elementor-section-height-default elementor-section-height-default\" data-id=\"fbc9dcf\" data-element_type=\"section\" data-settings=\"{&quot;background_background&quot;:&quot;slideshow&quot;,&quot;background_slideshow_gallery&quot;:[{&quot;id&quot;:1404,&quot;url&quot;:&quot;https:\\\/\\\/gaviaspreview.com\\\/wp\\\/sominx\\\/wp-content\\\/uploads\\\/2022\\\/03\\\/breadcrumb-2.jpg&quot;},{&quot;id&quot;:1008,&quot;url&quot;:&quot;https:\\\/\\\/gaviaspreview.com\\\/wp\\\/sominx\\\/wp-content\\\/uploads\\\/2021\\\/10\\\/breadcrumb.jpg&quot;}],&quot;background_slideshow_ken_burns&quot;:&quot;yes&quot;,&quot;background_slideshow_loop&quot;:&quot;yes&quot;,&quot;background_slideshow_slide_duration&quot;:5000,&quot;background_slideshow_slide_transition&quot;:&quot;fade&quot;,&quot;background_slideshow_transition_duration&quot;:500,&quot;background_slideshow_ken_burns_zoom_direction&quot;:&quot;in&quot;}\">\n\t\t\t\t\t\t\t<div class=\"elementor-background-overlay\"><\/div>\n\t\t\t\t\t\t\t<div class=\"elementor-container elementor-column-gap-default\">\n\t\t\t\t\t<div class=\"elementor-column elementor-col-100 elementor-top-column elementor-element elementor-element-ef2901a\" data-id=\"ef2901a\" data-element_type=\"column\">\n\t\t\t<div class=\"elementor-widget-wrap elementor-element-populated\">\n\t\t\t\t\t\t\t\t<div class=\"elementor-element elementor-element-9efde11 elementor-widget elementor-widget-gva_post_breadcrumb\" data-id=\"9efde11\" data-element_type=\"widget\" data-widget_type=\"gva_post_breadcrumb.default\">\n\t\t\t\t<div class=\"elementor-widget-container\">\n\t\t\t<div class=\"gva-element-gva_post_breadcrumb gva-element\">   \r\n<div class=\"post-breadcrumb\">\r\n   <div class=\"custom-breadcrumb\" >\r\n            <div class=\"breadcrumb-main\">\r\n        <div class=\"container\">\r\n          <div class=\"breadcrumb-container-inner\">\r\n            <h2 class=\"heading-title\">Services<\/h2><ol class=\"breadcrumb\"><li><a href=\"https:\/\/blissajans.com\/en\">Home<\/a> <\/li> <li class=\"active\">Page<\/li><\/ol>          <\/div>  \r\n        <\/div>   \r\n      <\/div>  \r\n   <\/div>\r\n<\/div>      \r\n\r\n<\/div>\t\t<\/div>\n\t\t\t\t<\/div>\n\t\t\t\t\t<\/div>\n\t\t<\/div>\n\t\t\t\t\t\t\t<\/div>\n\t\t<\/section>\n\t\t\t\t<section class=\"elementor-section elementor-top-section elementor-element elementor-element-039bf87 elementor-section-boxed elementor-section-height-default elementor-section-height-default\" data-id=\"039bf87\" data-element_type=\"section\">\n\t\t\t\t\t\t<div class=\"elementor-container elementor-column-gap-default\">\n\t\t\t\t\t<div class=\"elementor-column elementor-col-100 elementor-top-column elementor-element elementor-element-6b817d3\" data-id=\"6b817d3\" data-element_type=\"column\">\n\t\t\t<div class=\"elementor-widget-wrap elementor-element-populated\">\n\t\t\t\t\t\t\t\t<div class=\"elementor-element elementor-element-d4a38fb elementor-widget elementor-widget-gva-services-group\" data-id=\"d4a38fb\" data-element_type=\"widget\" data-widget_type=\"gva-services-group.default\">\n\t\t\t\t<div class=\"elementor-widget-container\">\n\t\t\t<div class=\"gva-element-gva-services-group gva-element\">\r\n<div class=\"gsc-services-group layout-grid\">\r\n   <div class=\"lg-block-grid-3 md-block-grid-3 sm-block-grid-2 xs-block-grid-1 xx-block-grid-1\">\r\n               <div class=\"item-columns\">\r\n            \r\n\t\r\n\r\n   <div class=\"service-item style-2\">\r\n      \r\n      \t      <div class=\"service-image text-center\">\r\n\t      \t<img decoding=\"async\" loading=\"lazy\" width=\"640\" height=\"630\" src=\"http:\/\/blissajans.com\/wp-content\/uploads\/2023\/04\/Sosyal-Medya-Yonetimi-min.png\" alt=\"Sosyal Medya Y\u00f6netimi \"\/>\r\n\t      <\/div>\r\n\t   \r\n      <div class=\"service-content\">\r\n\t\t\t<div class=\"content-inner\">\r\n\t\t\t\t\t\t\t\t\t<h3 class=\"title\"><span>Social Media Management <\/span><\/h3>\r\n\t\t\t\t\r\n\t\t\t\t\t\t\t\t\t<span class=\"box-icon\">\r\n\t\t\t\t\t\t<i aria-hidden=\"true\" class=\"flaticon-thumbs-up\"><\/i>\t\t\t\t\t<\/span>\r\n\t\t\t\t\t\t\t<\/div>\t\r\n\t\t<\/div>\r\n\r\n\t\t\r\n\t\t<div class=\"service-content-hover\">\r\n\t\t\t<div class=\"content-inner\">\r\n\t\t\t\t\t\t\t\t\t<span class=\"box-icon\">\r\n\t\t\t\t\t\t<i aria-hidden=\"true\" class=\"flaticon-thumbs-up\"><\/i>\t\t\t\t\t<\/span>\r\n\t\t\t\t\r\n\t\t\t\t\t\t\t\t\t<h3 class=\"title\"><span>Social Media Management <\/span><\/h3>\r\n\t\t\t\t\t\t\t\t\t\t\t\t\t<div class=\"desc\">Click to review our service in detail and get information.<\/div>\r\n\t\t\t\t\t\t\t<\/div>\t\r\n\t\t\t<div class=\"service-background\">\r\n\t\t\t\t\t\t\t\t\t<img decoding=\"async\" src=\"http:\/\/blissajans.com\/wp-content\/uploads\/2023\/04\/Sosyal-Medya-Yonetimi-min.png\" alt=\"Sosyal Medya Y\u00f6netimi \"\/>\r\n\t\t\t\t\t\r\n\t\t\t<\/div>\r\n\t\t\t\t\t  <a href=\"https:\/\/blissajans.com\/en\/hizmetlerimiz\/social-digital-marketing\/\" class=\"link-overlay\"><\/a>\r\n\t\t  \t\t<\/div>\t\r\n\t<\/div>\r\n\t\r\n\r\n\r\n\r\n         <\/div>\r\n               <div class=\"item-columns\">\r\n            \r\n\t\r\n\r\n   <div class=\"service-item style-2\">\r\n      \r\n      \t      <div class=\"service-image text-center\">\r\n\t      \t<img decoding=\"async\" loading=\"lazy\" width=\"640\" height=\"630\" src=\"http:\/\/blissajans.com\/wp-content\/uploads\/2023\/04\/Reklam-Yonetimi-min.png\" alt=\"Reklam Y\u00f6netimi\"\/>\r\n\t      <\/div>\r\n\t   \r\n      <div class=\"service-content\">\r\n\t\t\t<div class=\"content-inner\">\r\n\t\t\t\t\t\t\t\t\t<h3 class=\"title\"><span>Advertising Management<\/span><\/h3>\r\n\t\t\t\t\r\n\t\t\t\t\t\t\t\t\t<span class=\"box-icon\">\r\n\t\t\t\t\t\t<i aria-hidden=\"true\" class=\"icon-sominx-mobile-analytics\"><\/i>\t\t\t\t\t<\/span>\r\n\t\t\t\t\t\t\t<\/div>\t\r\n\t\t<\/div>\r\n\r\n\t\t\r\n\t\t<div class=\"service-content-hover\">\r\n\t\t\t<div class=\"content-inner\">\r\n\t\t\t\t\t\t\t\t\t<span class=\"box-icon\">\r\n\t\t\t\t\t\t<i aria-hidden=\"true\" class=\"icon-sominx-mobile-analytics\"><\/i>\t\t\t\t\t<\/span>\r\n\t\t\t\t\r\n\t\t\t\t\t\t\t\t\t<h3 class=\"title\"><span>Advertising Management<\/span><\/h3>\r\n\t\t\t\t\t\t\t\t\t\t\t\t\t<div class=\"desc\">Click to review our service in detail and get information.<\/div>\r\n\t\t\t\t\t\t\t<\/div>\t\r\n\t\t\t<div class=\"service-background\">\r\n\t\t\t\t\t\t\t\t\t<img decoding=\"async\" src=\"http:\/\/blissajans.com\/wp-content\/uploads\/2023\/04\/Reklam-Yonetimi-min.png\" alt=\"Reklam Y\u00f6netimi\"\/>\r\n\t\t\t\t\t\r\n\t\t\t<\/div>\r\n\t\t\t\t\t  <a href=\"https:\/\/blissajans.com\/en\/hizmetlerimiz\/reklam-yonetimi\/\" class=\"link-overlay\"><\/a>\r\n\t\t  \t\t<\/div>\t\r\n\t<\/div>\r\n\t\r\n\r\n\r\n\r\n         <\/div>\r\n               <div class=\"item-columns\">\r\n            \r\n\t\r\n\r\n   <div class=\"service-item style-2\">\r\n      \r\n      \t      <div class=\"service-image text-center\">\r\n\t      \t<img decoding=\"async\" loading=\"lazy\" width=\"640\" height=\"630\" src=\"http:\/\/blissajans.com\/wp-content\/uploads\/2023\/04\/SEO-Hizmeti-1-min.png\" alt=\"SEO Hizmeti\"\/>\r\n\t      <\/div>\r\n\t   \r\n      <div class=\"service-content\">\r\n\t\t\t<div class=\"content-inner\">\r\n\t\t\t\t\t\t\t\t\t<h3 class=\"title\"><span>SEO Service<\/span><\/h3>\r\n\t\t\t\t\r\n\t\t\t\t\t\t\t\t\t<span class=\"box-icon\">\r\n\t\t\t\t\t\t<i aria-hidden=\"true\" class=\"icon-sominx-global\"><\/i>\t\t\t\t\t<\/span>\r\n\t\t\t\t\t\t\t<\/div>\t\r\n\t\t<\/div>\r\n\r\n\t\t\r\n\t\t<div class=\"service-content-hover\">\r\n\t\t\t<div class=\"content-inner\">\r\n\t\t\t\t\t\t\t\t\t<span class=\"box-icon\">\r\n\t\t\t\t\t\t<i aria-hidden=\"true\" class=\"icon-sominx-global\"><\/i>\t\t\t\t\t<\/span>\r\n\t\t\t\t\r\n\t\t\t\t\t\t\t\t\t<h3 class=\"title\"><span>SEO Service<\/span><\/h3>\r\n\t\t\t\t\t\t\t\t\t\t\t\t\t<div class=\"desc\">Click to review our service in detail and get information.<\/div>\r\n\t\t\t\t\t\t\t<\/div>\t\r\n\t\t\t<div class=\"service-background\">\r\n\t\t\t\t\t\t\t\t\t<img decoding=\"async\" src=\"http:\/\/blissajans.com\/wp-content\/uploads\/2023\/04\/SEO-Hizmeti-1-min.png\" alt=\"SEO Hizmeti\"\/>\r\n\t\t\t\t\t\r\n\t\t\t<\/div>\r\n\t\t\t\t\t  <a href=\"https:\/\/blissajans.com\/en\/hizmetlerimiz\/seo-hizmeti\/\" class=\"link-overlay\"><\/a>\r\n\t\t  \t\t<\/div>\t\r\n\t<\/div>\r\n\t\r\n\r\n\r\n\r\n         <\/div>\r\n               <div class=\"item-columns\">\r\n            \r\n\t\r\n\r\n   <div class=\"service-item style-2\">\r\n      \r\n      \t      <div class=\"service-image text-center\">\r\n\t      \t<img decoding=\"async\" loading=\"lazy\" width=\"640\" height=\"630\" src=\"http:\/\/blissajans.com\/wp-content\/uploads\/2023\/04\/Profesyonel-Cekim-Hizmeti-1-min.png\" alt=\"Profesyonel \u00c7ekim \"\/>\r\n\t      <\/div>\r\n\t   \r\n      <div class=\"service-content\">\r\n\t\t\t<div class=\"content-inner\">\r\n\t\t\t\t\t\t\t\t\t<h3 class=\"title\"><span>Professional Shooting <\/span><\/h3>\r\n\t\t\t\t\r\n\t\t\t\t\t\t\t\t\t<span class=\"box-icon\">\r\n\t\t\t\t\t\t<i aria-hidden=\"true\" class=\"flaticon-entrepreneur\"><\/i>\t\t\t\t\t<\/span>\r\n\t\t\t\t\t\t\t<\/div>\t\r\n\t\t<\/div>\r\n\r\n\t\t\r\n\t\t<div class=\"service-content-hover\">\r\n\t\t\t<div class=\"content-inner\">\r\n\t\t\t\t\t\t\t\t\t<span class=\"box-icon\">\r\n\t\t\t\t\t\t<i aria-hidden=\"true\" class=\"flaticon-entrepreneur\"><\/i>\t\t\t\t\t<\/span>\r\n\t\t\t\t\r\n\t\t\t\t\t\t\t\t\t<h3 class=\"title\"><span>Professional Shooting <\/span><\/h3>\r\n\t\t\t\t\t\t\t\t\t\t\t\t\t<div class=\"desc\">Click to review our service in detail and get information.<\/div>\r\n\t\t\t\t\t\t\t<\/div>\t\r\n\t\t\t<div class=\"service-background\">\r\n\t\t\t\t\t\t\t\t\t<img decoding=\"async\" src=\"http:\/\/blissajans.com\/wp-content\/uploads\/2023\/04\/Profesyonel-Cekim-Hizmeti-1-min.png\" alt=\"Profesyonel \u00c7ekim \"\/>\r\n\t\t\t\t\t\r\n\t\t\t<\/div>\r\n\t\t\t\t\t  <a href=\"https:\/\/blissajans.com\/en\/hizmetlerimiz\/profesyonel-cekim-hizmeti\/\" class=\"link-overlay\"><\/a>\r\n\t\t  \t\t<\/div>\t\r\n\t<\/div>\r\n\t\r\n\r\n\r\n\r\n         <\/div>\r\n               <div class=\"item-columns\">\r\n            \r\n\t\r\n\r\n   <div class=\"service-item style-2\">\r\n      \r\n      \t      <div class=\"service-image text-center\">\r\n\t      \t<img decoding=\"async\" loading=\"lazy\" width=\"640\" height=\"630\" src=\"http:\/\/blissajans.com\/wp-content\/uploads\/2023\/04\/Grafik-Tasarim-Hizmeti-min.png\" alt=\"Grafik Tasar\u0131m \"\/>\r\n\t      <\/div>\r\n\t   \r\n      <div class=\"service-content\">\r\n\t\t\t<div class=\"content-inner\">\r\n\t\t\t\t\t\t\t\t\t<h3 class=\"title\"><span>Graphic Design <\/span><\/h3>\r\n\t\t\t\t\r\n\t\t\t\t\t\t\t\t\t<span class=\"box-icon\">\r\n\t\t\t\t\t\t<i aria-hidden=\"true\" class=\"flaticon-computer\"><\/i>\t\t\t\t\t<\/span>\r\n\t\t\t\t\t\t\t<\/div>\t\r\n\t\t<\/div>\r\n\r\n\t\t\r\n\t\t<div class=\"service-content-hover\">\r\n\t\t\t<div class=\"content-inner\">\r\n\t\t\t\t\t\t\t\t\t<span class=\"box-icon\">\r\n\t\t\t\t\t\t<i aria-hidden=\"true\" class=\"flaticon-computer\"><\/i>\t\t\t\t\t<\/span>\r\n\t\t\t\t\r\n\t\t\t\t\t\t\t\t\t<h3 class=\"title\"><span>Graphic Design <\/span><\/h3>\r\n\t\t\t\t\t\t\t\t\t\t\t\t\t<div class=\"desc\">Click to review our service in detail and get information.<\/div>\r\n\t\t\t\t\t\t\t<\/div>\t\r\n\t\t\t<div class=\"service-background\">\r\n\t\t\t\t\t\t\t\t\t<img decoding=\"async\" src=\"http:\/\/blissajans.com\/wp-content\/uploads\/2023\/04\/Grafik-Tasarim-Hizmeti-min.png\" alt=\"Grafik Tasar\u0131m \"\/>\r\n\t\t\t\t\t\r\n\t\t\t<\/div>\r\n\t\t\t\t\t  <a href=\"https:\/\/blissajans.com\/en\/hizmetlerimiz\/grafik-tasarim-hizmeti\/\" class=\"link-overlay\"><\/a>\r\n\t\t  \t\t<\/div>\t\r\n\t<\/div>\r\n\t\r\n\r\n\r\n\r\n         <\/div>\r\n               <div class=\"item-columns\">\r\n            \r\n\t\r\n\r\n   <div class=\"service-item style-2\">\r\n      \r\n      \t      <div class=\"service-image text-center\">\r\n\t      \t<img decoding=\"async\" loading=\"lazy\" width=\"640\" height=\"630\" src=\"http:\/\/blissajans.com\/wp-content\/uploads\/2023\/04\/video-tasarim-montaj-ve-kurgu-hizmeti-min.jpg\" alt=\"Video Tasar\u0131m \"\/>\r\n\t      <\/div>\r\n\t   \r\n      <div class=\"service-content\">\r\n\t\t\t<div class=\"content-inner\">\r\n\t\t\t\t\t\t\t\t\t<h3 class=\"title\"><span>Video Design <\/span><\/h3>\r\n\t\t\t\t\r\n\t\t\t\t\t\t\t\t\t<span class=\"box-icon\">\r\n\t\t\t\t\t\t<i aria-hidden=\"true\" class=\"icon-sominx-creative\"><\/i>\t\t\t\t\t<\/span>\r\n\t\t\t\t\t\t\t<\/div>\t\r\n\t\t<\/div>\r\n\r\n\t\t\r\n\t\t<div class=\"service-content-hover\">\r\n\t\t\t<div class=\"content-inner\">\r\n\t\t\t\t\t\t\t\t\t<span class=\"box-icon\">\r\n\t\t\t\t\t\t<i aria-hidden=\"true\" class=\"icon-sominx-creative\"><\/i>\t\t\t\t\t<\/span>\r\n\t\t\t\t\r\n\t\t\t\t\t\t\t\t\t<h3 class=\"title\"><span>Video Design <\/span><\/h3>\r\n\t\t\t\t\t\t\t\t\t\t\t\t\t<div class=\"desc\">Click to review our service in detail and get information.<\/div>\r\n\t\t\t\t\t\t\t<\/div>\t\r\n\t\t\t<div class=\"service-background\">\r\n\t\t\t\t\t\t\t\t\t<img decoding=\"async\" src=\"http:\/\/blissajans.com\/wp-content\/uploads\/2023\/04\/video-tasarim-montaj-ve-kurgu-hizmeti-min.jpg\" alt=\"Video Tasar\u0131m \"\/>\r\n\t\t\t\t\t\r\n\t\t\t<\/div>\r\n\t\t\t\t\t  <a href=\"https:\/\/blissajans.com\/en\/hizmetlerimiz\/video-tasarim-hizmeti\/\" class=\"link-overlay\"><\/a>\r\n\t\t  \t\t<\/div>\t\r\n\t<\/div>\r\n\t\r\n\r\n\r\n\r\n         <\/div>\r\n         <\/div>   \r\n<\/div>\r\n<\/div>\t\t<\/div>\n\t\t\t\t<\/div>\n\t\t\t\t\t<\/div>\n\t\t<\/div>\n\t\t\t\t\t\t\t<\/div>\n\t\t<\/section>\n\t\t\t\t<section class=\"elementor-section elementor-top-section elementor-element elementor-element-a7b7a89 elementor-section-boxed elementor-section-height-default elementor-section-height-default\" data-id=\"a7b7a89\" data-element_type=\"section\">\n\t\t\t\t\t\t<div class=\"elementor-container elementor-column-gap-no\">\n\t\t\t\t\t<div class=\"elementor-column elementor-col-100 elementor-top-column elementor-element elementor-element-1ed721f\" data-id=\"1ed721f\" data-element_type=\"column\" data-settings=\"{&quot;background_background&quot;:&quot;classic&quot;}\">\n\t\t\t<div class=\"elementor-widget-wrap elementor-element-populated\">\n\t\t\t\t\t\t\t\t<section class=\"elementor-section elementor-inner-section elementor-element elementor-element-0f9ac16 elementor-section-boxed elementor-section-height-default elementor-section-height-default\" data-id=\"0f9ac16\" data-element_type=\"section\">\n\t\t\t\t\t\t<div class=\"elementor-container elementor-column-gap-default\">\n\t\t\t\t\t<div class=\"elementor-column elementor-col-33 elementor-inner-column elementor-element elementor-element-f8ad428\" data-id=\"f8ad428\" data-element_type=\"column\">\n\t\t\t<div class=\"elementor-widget-wrap elementor-element-populated\">\n\t\t\t\t\t\t\t\t<div class=\"elementor-element elementor-element-00d6447 elementor-widget elementor-widget-gva-counter\" data-id=\"00d6447\" data-element_type=\"widget\" data-widget_type=\"gva-counter.default\">\n\t\t\t\t<div class=\"elementor-widget-container\">\n\t\t\t<div class=\"gva-element-gva-counter gva-element\">\r\n         <div class=\"widget milestone-block style-1\">\r\n         <div class=\"box-content\">\r\n                           <div class=\"milestone-icon\">\r\n                  <span class=\"icon\">\r\n                     <i aria-hidden=\"true\" class=\"flaticon-contact\"><\/i>                  <\/span>\r\n               <\/div>\r\n            \r\n            <div class=\"milestone-content\">\r\n               \r\n               <div class=\"milestone-number-inner\">\r\n                                    <span class=\"milestone-number\">30<\/span>\r\n                  <span class=\"symbol after\">+<\/span>               <\/div>\r\n               \r\n                                 <div class=\"milestone-text\">\r\n                      Active Project                  <\/div>\r\n               \r\n            <\/div>\r\n            \r\n            \r\n         <\/div>   \r\n      <\/div> \r\n   \r\n<\/div>\t\t<\/div>\n\t\t\t\t<\/div>\n\t\t\t\t\t<\/div>\n\t\t<\/div>\n\t\t\t\t<div class=\"elementor-column elementor-col-33 elementor-inner-column elementor-element elementor-element-3d0b42e\" data-id=\"3d0b42e\" data-element_type=\"column\">\n\t\t\t<div class=\"elementor-widget-wrap elementor-element-populated\">\n\t\t\t\t\t\t\t\t<div class=\"elementor-element elementor-element-fdfc554 elementor-widget elementor-widget-gva-counter\" data-id=\"fdfc554\" data-element_type=\"widget\" data-widget_type=\"gva-counter.default\">\n\t\t\t\t<div class=\"elementor-widget-container\">\n\t\t\t<div class=\"gva-element-gva-counter gva-element\">\r\n         <div class=\"widget milestone-block style-1\">\r\n         <div class=\"box-content\">\r\n                           <div class=\"milestone-icon\">\r\n                  <span class=\"icon\">\r\n                     <i aria-hidden=\"true\" class=\"las la-medal\"><\/i>                  <\/span>\r\n               <\/div>\r\n            \r\n            <div class=\"milestone-content\">\r\n               \r\n               <div class=\"milestone-number-inner\">\r\n                                    <span class=\"milestone-number\">300<\/span>\r\n                  <span class=\"symbol after\">+<\/span>               <\/div>\r\n               \r\n                                 <div class=\"milestone-text\">\r\n                      Completed Project                  <\/div>\r\n               \r\n            <\/div>\r\n            \r\n            \r\n         <\/div>   \r\n      <\/div> \r\n   \r\n<\/div>\t\t<\/div>\n\t\t\t\t<\/div>\n\t\t\t\t\t<\/div>\n\t\t<\/div>\n\t\t\t\t<div class=\"elementor-column elementor-col-33 elementor-inner-column elementor-element elementor-element-3e086e1\" data-id=\"3e086e1\" data-element_type=\"column\">\n\t\t\t<div class=\"elementor-widget-wrap elementor-element-populated\">\n\t\t\t\t\t\t\t\t<div class=\"elementor-element elementor-element-558f8c9 elementor-widget elementor-widget-gva-counter\" data-id=\"558f8c9\" data-element_type=\"widget\" data-widget_type=\"gva-counter.default\">\n\t\t\t\t<div class=\"elementor-widget-container\">\n\t\t\t<div class=\"gva-element-gva-counter gva-element\">\r\n         <div class=\"widget milestone-block style-1\">\r\n         <div class=\"box-content\">\r\n                           <div class=\"milestone-icon\">\r\n                  <span class=\"icon\">\r\n                     <i aria-hidden=\"true\" class=\"icon-sominx-customer-review\"><\/i>                  <\/span>\r\n               <\/div>\r\n            \r\n            <div class=\"milestone-content\">\r\n               \r\n               <div class=\"milestone-number-inner\">\r\n                                    <span class=\"milestone-number\">260<\/span>\r\n                                 <\/div>\r\n               \r\n                                 <div class=\"milestone-text\">\r\n                      Completed Project                  <\/div>\r\n               \r\n            <\/div>\r\n            \r\n            \r\n         <\/div>   \r\n      <\/div> \r\n   \r\n<\/div>\t\t<\/div>\n\t\t\t\t<\/div>\n\t\t\t\t\t<\/div>\n\t\t<\/div>\n\t\t\t\t\t\t\t<\/div>\n\t\t<\/section>\n\t\t\t\t\t<\/div>\n\t\t<\/div>\n\t\t\t\t\t\t\t<\/div>\n\t\t<\/section>\n\t\t\t\t\t\t\t<\/div>","protected":false},"excerpt":{"rendered":"<p>Hizmetlerimiz Home Sayfa Sosyal Medya Y\u00f6netimi Sosyal Medya Y\u00f6netimi Hizmetimizi detayl\u0131 olarak incelemek ve bilgi almak i\u00e7in t\u0131klay\u0131n. Reklam Y\u00f6netimi Reklam Y\u00f6netimi Hizmetimizi detayl\u0131 olarak incelemek ve bilgi almak i\u00e7in [&hellip;]<\/p>","protected":false},"author":1,"featured_media":0,"parent":0,"menu_order":0,"comment_status":"closed","ping_status":"closed","template":"","meta":[],"yoast_head":"<!-- This site is optimized with the Yoast SEO plugin v20.6 - https:\/\/yoast.com\/wordpress\/plugins\/seo\/ -->\n<title>Hizmetlerimiz - Bliss Ajans<\/title>\n<meta name=\"robots\" content=\"index, follow, max-snippet:-1, max-image-preview:large, max-video-preview:-1\" \/>\n<link rel=\"canonical\" href=\"https:\/\/blissajans.com\/en\/hizmetlerimiz\/\" \/>\n<meta property=\"og:locale\" content=\"en_US\" \/>\n<meta property=\"og:type\" content=\"article\" \/>\n<meta property=\"og:title\" content=\"Hizmetlerimiz - Bliss Ajans\" \/>\n<meta property=\"og:description\" content=\"Hizmetlerimiz Home Sayfa Sosyal Medya Y\u00f6netimi Sosyal Medya Y\u00f6netimi Hizmetimizi detayl\u0131 olarak incelemek ve bilgi almak i\u00e7in t\u0131klay\u0131n. Reklam Y\u00f6netimi Reklam Y\u00f6netimi Hizmetimizi detayl\u0131 olarak incelemek ve bilgi almak i\u00e7in [&hellip;]\" \/>\n<meta property=\"og:url\" content=\"https:\/\/blissajans.com\/en\/hizmetlerimiz\/\" \/>\n<meta property=\"og:site_name\" content=\"Bliss Ajans\" \/>\n<meta property=\"article:modified_time\" content=\"2023-04-26T15:03:06+00:00\" \/>\n<meta property=\"og:image\" content=\"http:\/\/blissajans.com\/wp-content\/uploads\/2023\/04\/Sosyal-Medya-Yonetimi-min.png\" \/>\n<meta name=\"twitter:card\" content=\"summary_large_image\" \/>\n<meta name=\"twitter:label1\" content=\"Est. reading time\" \/>\n\t<meta name=\"twitter:data1\" content=\"3 minutes\" \/>\n<script type=\"application\/ld+json\" class=\"yoast-schema-graph\">{\"@context\":\"https:\/\/schema.org\",\"@graph\":[{\"@type\":\"WebPage\",\"@id\":\"https:\/\/blissajans.com\/hizmetlerimiz\/\",\"url\":\"https:\/\/blissajans.com\/hizmetlerimiz\/\",\"name\":\"Hizmetlerimiz - Bliss Ajans\",\"isPartOf\":{\"@id\":\"https:\/\/blissajans.com\/#website\"},\"datePublished\":\"2020-12-08T04:13:18+00:00\",\"dateModified\":\"2023-04-26T15:03:06+00:00\",\"inLanguage\":\"en-US\",\"potentialAction\":[{\"@type\":\"ReadAction\",\"target\":[\"https:\/\/blissajans.com\/hizmetlerimiz\/\"]}]},{\"@type\":\"WebSite\",\"@id\":\"https:\/\/blissajans.com\/#website\",\"url\":\"https:\/\/blissajans.com\/\",\"name\":\"Bliss Ajans\",\"description\":\"Dijital Pazarlama \u00c7\u00f6z\u00fcmleri - Sosyal Medya Y\u00f6netimi - SEO, PPC, ve Daha Fazlas\u0131\",\"potentialAction\":[{\"@type\":\"SearchAction\",\"target\":{\"@type\":\"EntryPoint\",\"urlTemplate\":\"https:\/\/blissajans.com\/?s={search_term_string}\"},\"query-input\":\"required name=search_term_string\"}],\"inLanguage\":\"en-US\"}]}<\/script>\n<!-- \/ Yoast SEO plugin. -->","yoast_head_json":{"title":"Hizmetlerimiz - Bliss Ajans","robots":{"index":"index","follow":"follow","max-snippet":"max-snippet:-1","max-image-preview":"max-image-preview:large","max-video-preview":"max-video-preview:-1"},"canonical":"https:\/\/blissajans.com\/en\/hizmetlerimiz\/","og_locale":"en_US","og_type":"article","og_title":"Hizmetlerimiz - Bliss Ajans","og_description":"Hizmetlerimiz Home Sayfa Sosyal Medya Y\u00f6netimi Sosyal Medya Y\u00f6netimi Hizmetimizi detayl\u0131 olarak incelemek ve bilgi almak i\u00e7in t\u0131klay\u0131n. Reklam Y\u00f6netimi Reklam Y\u00f6netimi Hizmetimizi detayl\u0131 olarak incelemek ve bilgi almak i\u00e7in [&hellip;]","og_url":"https:\/\/blissajans.com\/en\/hizmetlerimiz\/","og_site_name":"Bliss Ajans","article_modified_time":"2023-04-26T15:03:06+00:00","og_image":[{"url":"http:\/\/blissajans.com\/wp-content\/uploads\/2023\/04\/Sosyal-Medya-Yonetimi-min.png"}],"twitter_card":"summary_large_image","twitter_misc":{"Est. reading time":"3 minutes"},"schema":{"@context":"https:\/\/schema.org","@graph":[{"@type":"WebPage","@id":"https:\/\/blissajans.com\/hizmetlerimiz\/","url":"https:\/\/blissajans.com\/hizmetlerimiz\/","name":"Hizmetlerimiz - Bliss Ajans","isPartOf":{"@id":"https:\/\/blissajans.com\/#website"},"datePublished":"2020-12-08T04:13:18+00:00","dateModified":"2023-04-26T15:03:06+00:00","inLanguage":"en-US","potentialAction":[{"@type":"ReadAction","target":["https:\/\/blissajans.com\/hizmetlerimiz\/"]}]},{"@type":"WebSite","@id":"https:\/\/blissajans.com\/#website","url":"https:\/\/blissajans.com\/","name":"Bliss Ajans","description":"Dijital Pazarlama \u00c7\u00f6z\u00fcmleri - Sosyal Medya Y\u00f6netimi - SEO, PPC, ve Daha Fazlas\u0131","potentialAction":[{"@type":"SearchAction","target":{"@type":"EntryPoint","urlTemplate":"https:\/\/blissajans.com\/?s={search_term_string}"},"query-input":"required name=search_term_string"}],"inLanguage":"en-US"}]}},"_links":{"self":[{"href":"https:\/\/blissajans.com\/en\/wp-json\/wp\/v2\/pages\/32"}],"collection":[{"href":"https:\/\/blissajans.com\/en\/wp-json\/wp\/v2\/pages"}],"about":[{"href":"https:\/\/blissajans.com\/en\/wp-json\/wp\/v2\/types\/page"}],"author":[{"embeddable":true,"href":"https:\/\/blissajans.com\/en\/wp-json\/wp\/v2\/users\/1"}],"replies":[{"embeddable":true,"href":"https:\/\/blissajans.com\/en\/wp-json\/wp\/v2\/comments?post=32"}],"version-history":[{"count":31,"href":"https:\/\/blissajans.com\/en\/wp-json\/wp\/v2\/pages\/32\/revisions"}],"predecessor-version":[{"id":1751,"href":"https:\/\/blissajans.com\/en\/wp-json\/wp\/v2\/pages\/32\/revisions\/1751"}],"wp:attachment":[{"href":"https:\/\/blissajans.com\/en\/wp-json\/wp\/v2\/media?parent=32"}],"curies":[{"name":"wp","href":"https:\/\/api.w.org\/{rel}","templated":true}]}}